{"id":93246,"date":"2025-06-26T09:08:12","date_gmt":"2025-06-26T09:08:12","guid":{"rendered":"https:\/\/www.passuellofratelli.it\/lana\/"},"modified":"2026-03-09T08:57:50","modified_gmt":"2026-03-09T08:57:50","slug":"lana","status":"publish","type":"page","link":"https:\/\/www.passuellofratelli.it\/de\/lana\/","title":{"rendered":"Lana"},"content":{"rendered":"<div class=\"wpb-content-wrapper\"><p>[vc_row row_height_percent=&#8220;0&#8243; override_padding=&#8220;yes&#8220; h_padding=&#8220;7&#8243; top_padding=&#8220;3&#8243; bottom_padding=&#8220;0&#8243; back_color=&#8220;color-lxmt&#8220; overlay_alpha=&#8220;50&#8243; gutter_size=&#8220;3&#8243; column_width_percent=&#8220;100&#8243; shift_y=&#8220;0&#8243; z_index=&#8220;0&#8243; uncode_shortcode_id=&#8220;720203&#8243; back_color_type=&#8220;uncode-palette&#8220;][vc_column column_width_percent=&#8220;100&#8243; align_horizontal=&#8220;align_center&#8220; gutter_size=&#8220;3&#8243; overlay_alpha=&#8220;50&#8243; shift_x=&#8220;0&#8243; shift_y=&#8220;0&#8243; shift_y_down=&#8220;0&#8243; z_index=&#8220;0&#8243; medium_width=&#8220;0&#8243; mobile_width=&#8220;0&#8243; width=&#8220;1\/1&#8243;][vc_custom_heading heading_semantic=&#8220;h1&#8243; text_space=&#8220;fontspace-781688&#8243; separator_color=&#8220;yes&#8220; separator=&#8220;yes&#8220; sub_reduced=&#8220;yes&#8220; uncode_shortcode_id=&#8220;877770&#8243;]<span style=\"display: block; margin: 27px 0 0 0;\"><span class=\"font-205704\"><span style=\"color: #f6b333; font-weight: bold;\">Passuello<\/span> <span style=\"color: #06416a; font-weight: 500;\">| Jetzt auch in Lana f\u00fcr dich da<\/span><\/span><\/span>[\/vc_custom_heading][\/vc_column][\/vc_row][vc_row row_height_percent=&#8220;0&#8243; override_padding=&#8220;yes&#8220; h_padding=&#8220;6&#8243; top_padding=&#8220;2&#8243; bottom_padding=&#8220;3&#8243; back_color=&#8220;color-lxmt&#8220; overlay_alpha=&#8220;50&#8243; equal_height=&#8220;yes&#8220; gutter_size=&#8220;4&#8243; column_width_percent=&#8220;100&#8243; shift_y=&#8220;0&#8243; z_index=&#8220;0&#8243; uncode_shortcode_id=&#8220;672285&#8243; back_color_type=&#8220;uncode-palette&#8220;][vc_column column_width_percent=&#8220;100&#8243; gutter_size=&#8220;3&#8243; overlay_alpha=&#8220;50&#8243; shift_x=&#8220;0&#8243; shift_y=&#8220;0&#8243; shift_y_down=&#8220;0&#8243; z_index=&#8220;0&#8243; medium_width=&#8220;0&#8243; mobile_width=&#8220;0&#8243; css_animation=&#8220;top-t-bottom&#8220; animation_speed=&#8220;1000&#8243; width=&#8220;1\/1&#8243;][vc_column_text uncode_shortcode_id=&#8220;126907&#8243;]<\/p>\n<h4><span class=\"font-205704\">DIE ENERGIE DER MENSCHEN<\/span><\/h4>\n<p>Seit \u00fcber 50 Jahren ist <strong>Passuello<\/strong> mit dem Standort in <strong>Percha<\/strong> eine feste Gr\u00f6\u00dfe in <strong>S\u00fcdtirol<\/strong>. Mit der Er\u00f6ffnung unserer neuen Filiale in <strong>Lana<\/strong> setzen wir ein klares Zeichen: Wir wollen dir unseren Service noch n\u00e4herbringen \u2013 zug\u00e4nglich, pers\u00f6nlich und verl\u00e4sslich in ganz S\u00fcdtirol.<br \/>\nLana \u2013 bekannt f\u00fcr Obstbau und alpine Landschaft \u2013 ist f\u00fcr uns der n\u00e4chste Schritt in einer immer umfassenderen Betreuung direkt vor Ort. Wir freuen uns darauf, viele neue Verbindungen zu kn\u00fcpfen \u2013 vielleicht ja auch mit dir.<br \/>\nKomm vorbei \u2013 wir beraten dich gerne zu unseren attraktiven Strom- und Erdgasangeboten.[\/vc_column_text][\/vc_column][\/vc_row][vc_row row_height_percent=&#8220;0&#8243; override_padding=&#8220;yes&#8220; h_padding=&#8220;2&#8243; top_padding=&#8220;3&#8243; bottom_padding=&#8220;4&#8243; overlay_alpha=&#8220;100&#8243; gutter_size=&#8220;100&#8243; column_width_percent=&#8220;100&#8243; shift_y=&#8220;0&#8243; z_index=&#8220;0&#8243; style=&#8220;inherited&#8220;][vc_column column_width_percent=&#8220;100&#8243; align_horizontal=&#8220;align_center&#8220; gutter_size=&#8220;3&#8243; overlay_alpha=&#8220;50&#8243; shift_x=&#8220;0&#8243; shift_y=&#8220;0&#8243; medium_width=&#8220;0&#8243; zoom_width=&#8220;0&#8243; zoom_height=&#8220;0&#8243; width=&#8220;1\/1&#8243;][vc_custom_heading heading_semantic=&#8220;div&#8220; text_space=&#8220;fontspace-781688&#8243; separator_color=&#8220;yes&#8220; separator=&#8220;yes&#8220; sub_reduced=&#8220;yes&#8220; css_animation=&#8220;top-t-bottom&#8220; animation_speed=&#8220;1000&#8243; animation_delay=&#8220;200&#8243; uncode_shortcode_id=&#8220;203110&#8243;]<\/p>\n<h2 style=\"text-align: center;\"><span class=\"font-205704\"><span style=\"color: #06416a; font-weight: 500;\">An unserem Standort in Lana stehen dir folgende Ansprechpartner zur Verf\u00fcgung.<\/span><\/span><\/h2>\n<p>[\/vc_custom_heading][vc_gallery el_id=&#8220;gallery-3&#8243; isotope_mode=&#8220;cellsByRow&#8220; medias=&#8220;93226,93251,93382,93390&#8243; gutter_size=&#8220;0&#8243; inner_padding=&#8220;yes&#8220; media_items=&#8220;media|lightbox|original&#8220; screen_lg=&#8220;1000&#8243; screen_md=&#8220;600&#8243; screen_sm=&#8220;480&#8243; single_width=&#8220;3&#8243; single_overlay_opacity=&#8220;50&#8243; single_text_anim_type=&#8220;btt&#8220; single_h_align=&#8220;center&#8220; single_padding=&#8220;2&#8243; single_icon=&#8220;fa fa-search3&#8243; single_border=&#8220;yes&#8220; single_css_animation=&#8220;bottom-t-top&#8220; single_animation_delay=&#8220;200&#8243; lbox_caption=&#8220;yes&#8220; no_double_tap=&#8220;yes&#8220; carousel_rtl=&#8220;&#8220; single_title_uppercase=&#8220;&#8220; single_title_bold=&#8220;&#8220; single_title_serif=&#8220;&#8220; onclick=&#8220;link_image&#8220; custom_links_target=&#8220;_self&#8220; items=&#8220;eyI4ODY4X2kiOnsic2luZ2xlX3dpZHRoIjoiNCIsInNpbmdsZV9oZWlnaHQiOiI0In0sIjg4NjJfaSI6eyJzaW5nbGVfd2lkdGgiOiI0Iiwic2luZ2xlX2hlaWdodCI6IjQifSwiODg2MF9pIjp7InNpbmdsZV93aWR0aCI6IjQifX0=&#8220; single_half_padding=&#8220;&#8220; single_no_background=&#8220;&#8220; uncode_shortcode_id=&#8220;105505&#8243;][\/vc_column][\/vc_row][vc_row unlock_row_content=&#8220;yes&#8220; row_height_percent=&#8220;0&#8243; override_padding=&#8220;yes&#8220; h_padding=&#8220;0&#8243; top_padding=&#8220;1&#8243; bottom_padding=&#8220;0&#8243; back_color=&#8220;color-lxmt&#8220; overlay_alpha=&#8220;50&#8243; gutter_size=&#8220;3&#8243; column_width_percent=&#8220;100&#8243; shift_y=&#8220;0&#8243; z_index=&#8220;0&#8243;][vc_column column_width_percent=&#8220;100&#8243; position_vertical=&#8220;middle&#8220; align_horizontal=&#8220;align_center&#8220; gutter_size=&#8220;0&#8243; override_padding=&#8220;yes&#8220; column_padding=&#8220;0&#8243; expand_height=&#8220;yes&#8220; back_color=&#8220;color-786529&#8243; overlay_alpha=&#8220;50&#8243; shift_x=&#8220;0&#8243; shift_y=&#8220;0&#8243; shift_y_down=&#8220;0&#8243; z_index=&#8220;0&#8243; medium_width=&#8220;0&#8243; mobile_width=&#8220;0&#8243; width=&#8220;1\/2&#8243;][vc_single_image media=&#8220;93223&#8243; media_width_percent=&#8220;100&#8243; alignment=&#8220;center&#8220; uncode_shortcode_id=&#8220;118606&#8243;][\/vc_column][vc_column column_width_percent=&#8220;80&#8243; position_vertical=&#8220;middle&#8220; gutter_size=&#8220;0&#8243; override_padding=&#8220;yes&#8220; column_padding=&#8220;2&#8243; back_color=&#8220;color-lxmt&#8220; overlay_alpha=&#8220;50&#8243; shift_x=&#8220;0&#8243; shift_y=&#8220;0&#8243; shift_y_down=&#8220;0&#8243; z_index=&#8220;0&#8243; medium_width=&#8220;0&#8243; mobile_width=&#8220;0&#8243; width=&#8220;1\/2&#8243;][vc_custom_heading separator_color=&#8220;yes&#8220; separator=&#8220;yes&#8220; uncode_shortcode_id=&#8220;192023&#8243;]<\/p>\n<h2><span style=\"color: #f6b333; font-weight: bold;\">Was h\u00e4lt eure Energie am Laufen?<\/span> <span style=\"color: #06416a; font-weight: 300;\">Den zuverl\u00e4ssigen Service von Passuello f\u00fcr immer mehr Menschen zug\u00e4nglich machen.<\/span><\/h2>\n<p>[\/vc_custom_heading][vc_column_text css=&#8220;.vc_custom_1773046667458{margin-top: 30px !important;margin-bottom: 15px !important;}&#8220; uncode_shortcode_id=&#8220;120171&#8243;]Unser Standort in Lana<br \/>\nMeranerstra\u00dfe, 29<br \/>\n39011 Lana (BZ)<\/p>\n<p><a href=\"tel:+390473476599\u202c\u202c\"><strong>Tel. +39 0473 47 65 99\u202c<\/strong><\/a><br \/>\n<a href=\"tel:\u202d+393357438709\u202c\"><strong>Joachim \u202d+39 335 7438709\u202c<\/strong><\/a>[\/vc_column_text][vc_column_text text_lead=&#8220;yes&#8220; css=&#8220;.vc_custom_1762438403515{margin-top: 30px !important;margin-bottom: 15px !important;}&#8220; uncode_shortcode_id=&#8220;203392&#8243;]<strong>\u00d6ffnungszeiten: Montag bis Freitag 08:30 \u2013 12:30 Uhr<\/strong>[\/vc_column_text][\/vc_column][\/vc_row][vc_row unlock_row_content=&#8220;yes&#8220; row_height_percent=&#8220;0&#8243; override_padding=&#8220;yes&#8220; h_padding=&#8220;7&#8243; top_padding=&#8220;2&#8243; bottom_padding=&#8220;0&#8243; overlay_alpha=&#8220;50&#8243; gutter_size=&#8220;0&#8243; column_width_percent=&#8220;100&#8243; shift_y=&#8220;0&#8243; z_index=&#8220;0&#8243;][vc_column width=&#8220;1\/6&#8243;][\/vc_column][vc_column width=&#8220;2\/3&#8243;][vc_custom_heading separator_color=&#8220;yes&#8220; separator=&#8220;yes&#8220; uncode_shortcode_id=&#8220;211785&#8243;]<\/p>\n<h2><span style=\"color: #f6b333; font-weight: bold;\">Hier findest du uns<\/span><\/h2>\n<p>[\/vc_custom_heading][\/vc_column][vc_column width=&#8220;1\/6&#8243;][\/vc_column][\/vc_row][vc_row unlock_row_content=&#8220;yes&#8220; row_height_percent=&#8220;50&#8243; override_padding=&#8220;yes&#8220; h_padding=&#8220;0&#8243; top_padding=&#8220;2&#8243; bottom_padding=&#8220;0&#8243; overlay_alpha=&#8220;50&#8243; equal_height=&#8220;yes&#8220; gutter_size=&#8220;4&#8243; column_width_percent=&#8220;100&#8243; shift_y=&#8220;0&#8243; z_index=&#8220;0&#8243;][vc_column column_width_percent=&#8220;100&#8243; position_vertical=&#8220;middle&#8220; align_horizontal=&#8220;align_center&#8220; gutter_size=&#8220;0&#8243; override_padding=&#8220;yes&#8220; column_padding=&#8220;0&#8243; expand_height=&#8220;yes&#8220; overlay_alpha=&#8220;50&#8243; shift_x=&#8220;0&#8243; shift_y=&#8220;0&#8243; shift_y_down=&#8220;0&#8243; z_index=&#8220;0&#8243; medium_width=&#8220;0&#8243; mobile_width=&#8220;0&#8243; width=&#8220;1\/1&#8243; mobile_height=&#8220;360&#8243;][vc_gmaps latlon=&#8220;46.62333351020486, 11.146415529166484&#8243; size=&#8220;&#8220; map_color=&#8220;&#8220; ui_color=&#8220;color-786529&#8243; zoom=&#8220;14&#8243; map_saturation=&#8220;100&#8243; map_brightness=&#8220;100&#8243; mobile_no_drag=&#8220;yes&#8220; uncode_shortcode_id=&#8220;206098&#8243; ui_color_type=&#8220;uncode-palette&#8220;][\/vc_column][\/vc_row]<\/p>\n<\/div>","protected":false},"excerpt":{"rendered":"<p>[vc_row row_height_percent=&#8220;0&#8243; override_padding=&#8220;yes&#8220; h_padding=&#8220;7&#8243; top_padding=&#8220;3&#8243; bottom_padding=&#8220;0&#8243; back_color=&#8220;color-lxmt&#8220; overlay_alpha=&#8220;50&#8243; gutter_size=&#8220;3&#8243; column_width_percent=&#8220;100&#8243; shift_y=&#8220;0&#8243; z_index=&#8220;0&#8243; uncode_shortcode_id=&#8220;720203&#8243; back_color_type=&#8220;uncode-palette&#8220;][vc_column column_width_percent=&#8220;100&#8243; align_horizontal=&#8220;align_center&#8220; gutter_size=&#8220;3&#8243; overlay_alpha=&#8220;50&#8243; shift_x=&#8220;0&#8243; shift_y=&#8220;0&#8243; [&hellip;]<\/p>\n","protected":false},"author":1,"featured_media":0,"parent":0,"menu_order":0,"comment_status":"closed","ping_status":"closed","template":"","meta":{"footnotes":""},"class_list":["post-93246","page","type-page","status-publish","hentry"],"yoast_head":"<!-- This site is optimized with the Yoast SEO plugin v27.3 - https:\/\/yoast.com\/product\/yoast-seo-wordpress\/ -->\n<title>Lana - Passuello Fratelli - L&#039;energia delle persone.<\/title>\n<meta name=\"description\" content=\"A Perca non troverai un call center, ma persone pronte ad accogliere le tue richieste per forniture di Luce, Gas, Combustibili e Pellet.\" \/>\n<meta name=\"robots\" content=\"index, follow, max-snippet:-1, max-image-preview:large, max-video-preview:-1\" \/>\n<link rel=\"canonical\" href=\"https:\/\/www.passuellofratelli.it\/de\/lana\/\" \/>\n<meta property=\"og:locale\" content=\"de_DE\" \/>\n<meta property=\"og:type\" content=\"article\" \/>\n<meta property=\"og:title\" content=\"Lana - Passuello Fratelli - L&#039;energia delle persone.\" \/>\n<meta property=\"og:description\" content=\"Passuello Fratelli - A Perca non troverai un call center, ma persone pronte ad accogliere le due richieste e a chiarire tutti i tuoi dubbi.\" \/>\n<meta property=\"og:url\" content=\"https:\/\/www.passuellofratelli.it\/de\/lana\/\" \/>\n<meta property=\"og:site_name\" content=\"Passuello Fratelli\" \/>\n<meta property=\"article:publisher\" content=\"https:\/\/www.facebook.com\/PassuelloFratelli\/\" \/>\n<meta property=\"article:modified_time\" content=\"2026-03-09T08:57:50+00:00\" \/>\n<meta property=\"og:image\" content=\"https:\/\/www.passuellofratelli.it\/wp-content\/uploads\/2021\/04\/Perca_2021.png\" \/>\n\t<meta property=\"og:image:width\" content=\"800\" \/>\n\t<meta property=\"og:image:height\" content=\"690\" \/>\n\t<meta property=\"og:image:type\" content=\"image\/png\" \/>\n<meta name=\"twitter:card\" content=\"summary_large_image\" \/>\n<meta name=\"twitter:label1\" content=\"Gesch\u00e4tzte Lesezeit\" \/>\n\t<meta name=\"twitter:data1\" content=\"2\u00a0Minuten\" \/>\n<script type=\"application\/ld+json\" class=\"yoast-schema-graph\">{\"@context\":\"https:\\\/\\\/schema.org\",\"@graph\":[{\"@type\":\"WebPage\",\"@id\":\"https:\\\/\\\/www.passuellofratelli.it\\\/de\\\/lana\\\/\",\"url\":\"https:\\\/\\\/www.passuellofratelli.it\\\/de\\\/lana\\\/\",\"name\":\"Lana - Passuello Fratelli - L'energia delle persone.\",\"isPartOf\":{\"@id\":\"https:\\\/\\\/www.passuellofratelli.it\\\/de\\\/#website\"},\"datePublished\":\"2025-06-26T09:08:12+00:00\",\"dateModified\":\"2026-03-09T08:57:50+00:00\",\"description\":\"A Perca non troverai un call center, ma persone pronte ad accogliere le tue richieste per forniture di Luce, Gas, Combustibili e Pellet.\",\"breadcrumb\":{\"@id\":\"https:\\\/\\\/www.passuellofratelli.it\\\/de\\\/lana\\\/#breadcrumb\"},\"inLanguage\":\"de\",\"potentialAction\":[{\"@type\":\"ReadAction\",\"target\":[\"https:\\\/\\\/www.passuellofratelli.it\\\/de\\\/lana\\\/\"]}]},{\"@type\":\"BreadcrumbList\",\"@id\":\"https:\\\/\\\/www.passuellofratelli.it\\\/de\\\/lana\\\/#breadcrumb\",\"itemListElement\":[{\"@type\":\"ListItem\",\"position\":1,\"name\":\"Home\",\"item\":\"https:\\\/\\\/www.passuellofratelli.it\\\/de\\\/\"},{\"@type\":\"ListItem\",\"position\":2,\"name\":\"Lana\"}]},{\"@type\":\"WebSite\",\"@id\":\"https:\\\/\\\/www.passuellofratelli.it\\\/de\\\/#website\",\"url\":\"https:\\\/\\\/www.passuellofratelli.it\\\/de\\\/\",\"name\":\"Passuello Fratelli\",\"description\":\"Prodotti energetici\",\"publisher\":{\"@id\":\"https:\\\/\\\/www.passuellofratelli.it\\\/de\\\/#organization\"},\"potentialAction\":[{\"@type\":\"SearchAction\",\"target\":{\"@type\":\"EntryPoint\",\"urlTemplate\":\"https:\\\/\\\/www.passuellofratelli.it\\\/de\\\/?s={search_term_string}\"},\"query-input\":{\"@type\":\"PropertyValueSpecification\",\"valueRequired\":true,\"valueName\":\"search_term_string\"}}],\"inLanguage\":\"de\"},{\"@type\":\"Organization\",\"@id\":\"https:\\\/\\\/www.passuellofratelli.it\\\/de\\\/#organization\",\"name\":\"Passuello Fratelli\",\"url\":\"https:\\\/\\\/www.passuellofratelli.it\\\/de\\\/\",\"logo\":{\"@type\":\"ImageObject\",\"inLanguage\":\"de\",\"@id\":\"https:\\\/\\\/www.passuellofratelli.it\\\/de\\\/#\\\/schema\\\/logo\\\/image\\\/\",\"url\":\"https:\\\/\\\/www.passuellofratelli.it\\\/wp-content\\\/uploads\\\/2021\\\/04\\\/logo_scuro_righe-bianche.svg\",\"contentUrl\":\"https:\\\/\\\/www.passuellofratelli.it\\\/wp-content\\\/uploads\\\/2021\\\/04\\\/logo_scuro_righe-bianche.svg\",\"width\":276,\"height\":2756,\"caption\":\"Passuello Fratelli\"},\"image\":{\"@id\":\"https:\\\/\\\/www.passuellofratelli.it\\\/de\\\/#\\\/schema\\\/logo\\\/image\\\/\"},\"sameAs\":[\"https:\\\/\\\/www.facebook.com\\\/PassuelloFratelli\\\/\",\"https:\\\/\\\/www.instagram.com\\\/passuello_fratelli\\\/\"]}]}<\/script>\n<!-- \/ Yoast SEO plugin. -->","yoast_head_json":{"title":"Lana - Passuello Fratelli - L'energia delle persone.","description":"A Perca non troverai un call center, ma persone pronte ad accogliere le tue richieste per forniture di Luce, Gas, Combustibili e Pellet.","robots":{"index":"index","follow":"follow","max-snippet":"max-snippet:-1","max-image-preview":"max-image-preview:large","max-video-preview":"max-video-preview:-1"},"canonical":"https:\/\/www.passuellofratelli.it\/de\/lana\/","og_locale":"de_DE","og_type":"article","og_title":"Lana - Passuello Fratelli - L'energia delle persone.","og_description":"Passuello Fratelli - A Perca non troverai un call center, ma persone pronte ad accogliere le due richieste e a chiarire tutti i tuoi dubbi.","og_url":"https:\/\/www.passuellofratelli.it\/de\/lana\/","og_site_name":"Passuello Fratelli","article_publisher":"https:\/\/www.facebook.com\/PassuelloFratelli\/","article_modified_time":"2026-03-09T08:57:50+00:00","og_image":[{"width":800,"height":690,"url":"https:\/\/www.passuellofratelli.it\/wp-content\/uploads\/2021\/04\/Perca_2021.png","type":"image\/png"}],"twitter_card":"summary_large_image","twitter_misc":{"Gesch\u00e4tzte Lesezeit":"2\u00a0Minuten"},"schema":{"@context":"https:\/\/schema.org","@graph":[{"@type":"WebPage","@id":"https:\/\/www.passuellofratelli.it\/de\/lana\/","url":"https:\/\/www.passuellofratelli.it\/de\/lana\/","name":"Lana - Passuello Fratelli - L'energia delle persone.","isPartOf":{"@id":"https:\/\/www.passuellofratelli.it\/de\/#website"},"datePublished":"2025-06-26T09:08:12+00:00","dateModified":"2026-03-09T08:57:50+00:00","description":"A Perca non troverai un call center, ma persone pronte ad accogliere le tue richieste per forniture di Luce, Gas, Combustibili e Pellet.","breadcrumb":{"@id":"https:\/\/www.passuellofratelli.it\/de\/lana\/#breadcrumb"},"inLanguage":"de","potentialAction":[{"@type":"ReadAction","target":["https:\/\/www.passuellofratelli.it\/de\/lana\/"]}]},{"@type":"BreadcrumbList","@id":"https:\/\/www.passuellofratelli.it\/de\/lana\/#breadcrumb","itemListElement":[{"@type":"ListItem","position":1,"name":"Home","item":"https:\/\/www.passuellofratelli.it\/de\/"},{"@type":"ListItem","position":2,"name":"Lana"}]},{"@type":"WebSite","@id":"https:\/\/www.passuellofratelli.it\/de\/#website","url":"https:\/\/www.passuellofratelli.it\/de\/","name":"Passuello Fratelli","description":"Prodotti energetici","publisher":{"@id":"https:\/\/www.passuellofratelli.it\/de\/#organization"},"potentialAction":[{"@type":"SearchAction","target":{"@type":"EntryPoint","urlTemplate":"https:\/\/www.passuellofratelli.it\/de\/?s={search_term_string}"},"query-input":{"@type":"PropertyValueSpecification","valueRequired":true,"valueName":"search_term_string"}}],"inLanguage":"de"},{"@type":"Organization","@id":"https:\/\/www.passuellofratelli.it\/de\/#organization","name":"Passuello Fratelli","url":"https:\/\/www.passuellofratelli.it\/de\/","logo":{"@type":"ImageObject","inLanguage":"de","@id":"https:\/\/www.passuellofratelli.it\/de\/#\/schema\/logo\/image\/","url":"https:\/\/www.passuellofratelli.it\/wp-content\/uploads\/2021\/04\/logo_scuro_righe-bianche.svg","contentUrl":"https:\/\/www.passuellofratelli.it\/wp-content\/uploads\/2021\/04\/logo_scuro_righe-bianche.svg","width":276,"height":2756,"caption":"Passuello Fratelli"},"image":{"@id":"https:\/\/www.passuellofratelli.it\/de\/#\/schema\/logo\/image\/"},"sameAs":["https:\/\/www.facebook.com\/PassuelloFratelli\/","https:\/\/www.instagram.com\/passuello_fratelli\/"]}]}},"_links":{"self":[{"href":"https:\/\/www.passuellofratelli.it\/de\/wp-json\/wp\/v2\/pages\/93246","targetHints":{"allow":["GET"]}}],"collection":[{"href":"https:\/\/www.passuellofratelli.it\/de\/wp-json\/wp\/v2\/pages"}],"about":[{"href":"https:\/\/www.passuellofratelli.it\/de\/wp-json\/wp\/v2\/types\/page"}],"author":[{"embeddable":true,"href":"https:\/\/www.passuellofratelli.it\/de\/wp-json\/wp\/v2\/users\/1"}],"replies":[{"embeddable":true,"href":"https:\/\/www.passuellofratelli.it\/de\/wp-json\/wp\/v2\/comments?post=93246"}],"version-history":[{"count":18,"href":"https:\/\/www.passuellofratelli.it\/de\/wp-json\/wp\/v2\/pages\/93246\/revisions"}],"predecessor-version":[{"id":172117,"href":"https:\/\/www.passuellofratelli.it\/de\/wp-json\/wp\/v2\/pages\/93246\/revisions\/172117"}],"wp:attachment":[{"href":"https:\/\/www.passuellofratelli.it\/de\/wp-json\/wp\/v2\/media?parent=93246"}],"curies":[{"name":"wp","href":"https:\/\/api.w.org\/{rel}","templated":true}]}}