{"id":92630,"date":"2024-06-19T12:51:56","date_gmt":"2024-06-19T12:51:56","guid":{"rendered":"https:\/\/www.passuellofratelli.it\/?page_id=92630"},"modified":"2026-02-02T14:06:09","modified_gmt":"2026-02-02T14:06:09","slug":"gtl-fuel-alpin","status":"publish","type":"page","link":"https:\/\/www.passuellofratelli.it\/de\/gtl-fuel-alpin\/","title":{"rendered":"GTL Fuel Alpin"},"content":{"rendered":"<div class=\"wpb-content-wrapper\"><p>[vc_row row_height_percent=&#8220;0&#8243; override_padding=&#8220;yes&#8220; h_padding=&#8220;2&#8243; top_padding=&#8220;3&#8243; bottom_padding=&#8220;0&#8243; back_color=&#8220;accent&#8220; overlay_alpha=&#8220;50&#8243; gutter_size=&#8220;3&#8243; column_width_percent=&#8220;100&#8243; shift_y=&#8220;0&#8243; z_index=&#8220;0&#8243; uncode_shortcode_id=&#8220;203740&#8243; back_color_type=&#8220;uncode-palette&#8220;][vc_column column_width_use_pixel=&#8220;yes&#8220; align_horizontal=&#8220;align_center&#8220; gutter_size=&#8220;3&#8243; style=&#8220;light&#8220; overlay_alpha=&#8220;50&#8243; shift_x=&#8220;0&#8243; shift_y=&#8220;0&#8243; shift_y_down=&#8220;0&#8243; z_index=&#8220;0&#8243; medium_width=&#8220;0&#8243; mobile_width=&#8220;0&#8243; width=&#8220;1\/1&#8243; column_width_pixel=&#8220;1100&#8243;][vc_custom_heading text_color=&#8220;color-xsdn&#8220; heading_semantic=&#8220;p&#8220; text_space=&#8220;fontspace-781688&#8243; sub_reduced=&#8220;yes&#8220; uncode_shortcode_id=&#8220;174469&#8243; text_color_type=&#8220;uncode-palette&#8220;]<span class=\"font-205704\"><span style=\"color: #06416a; font-weight: 500;\">Wir sch\u00e4tzen<\/span> <span style=\"color: #ffffff; font-weight: 800;\"> den pers\u00f6nlichen Kontakt<\/span><\/span>[\/vc_custom_heading][vc_column_text text_lead=&#8220;yes&#8220; css=&#8220;.vc_custom_1718621073367{margin-top: 15px !important;}&#8220; uncode_shortcode_id=&#8220;112871&#8243;]<\/p>\n<p style=\"text-align: center;\"><span style=\"color: #ffffff;\">Unsere Verkaufsberater freuen sich jederzeit u\u0308ber ein pers\u00f6nliches Gespr\u00e4ch mit dir. Nimm hier Kontakt mit uns auf.<\/span><\/p>\n<p>[\/vc_column_text][\/vc_column][\/vc_row][vc_row row_height_percent=&#8220;0&#8243; override_padding=&#8220;yes&#8220; h_padding=&#8220;0&#8243; top_padding=&#8220;0&#8243; bottom_padding=&#8220;0&#8243; back_image=&#8220;88242&#8243; back_position=&#8220;center center&#8220; overlay_alpha=&#8220;50&#8243; gutter_size=&#8220;4&#8243; column_width_percent=&#8220;100&#8243; shift_y=&#8220;0&#8243; shift_y_fixed=&#8220;yes&#8220; z_index=&#8220;0&#8243; row_height_pixel=&#8220;150px&#8220;][vc_column column_width_percent=&#8220;100&#8243; position_vertical=&#8220;middle&#8220; align_horizontal=&#8220;align_center&#8220; gutter_size=&#8220;6&#8243; override_padding=&#8220;yes&#8220; column_padding=&#8220;1&#8243; expand_height=&#8220;yes&#8220; style=&#8220;light&#8220; overlay_alpha=&#8220;50&#8243; shift_x=&#8220;0&#8243; shift_y=&#8220;5&#8243; shift_y_down=&#8220;0&#8243; z_index=&#8220;0&#8243; medium_width=&#8220;0&#8243; align_mobile=&#8220;align_center_mobile&#8220; mobile_width=&#8220;0&#8243; width=&#8220;1\/1&#8243; uncode_shortcode_id=&#8220;182293&#8243;][vc_button button_color=&#8220;color-786529&#8243; radius=&#8220;btn-circle&#8220; border_animation=&#8220;btn-ripple-out&#8220; hover_fx=&#8220;full-colored&#8220; custom_typo=&#8220;yes&#8220; font_family=&#8220;font-100472&#8243; font_weight=&#8220;700&#8243; text_transform=&#8220;uppercase&#8220; letter_spacing=&#8220;fontspace-210350&#8243; border_width=&#8220;0&#8243; link=&#8220;url:https%3A%2F%2Fwww.passuellofratelli.it%2Fde%2Fkontakt%2F|title:Contatti&#8220; button_color_type=&#8220;uncode-palette&#8220; uncode_shortcode_id=&#8220;778967&#8243;]Kontaktiere uns[\/vc_button][\/vc_column][\/vc_row][vc_row row_height_percent=&#8220;0&#8243; override_padding=&#8220;yes&#8220; h_padding=&#8220;2&#8243; top_padding=&#8220;2&#8243; bottom_padding=&#8220;0&#8243; overlay_alpha=&#8220;50&#8243; gutter_size=&#8220;3&#8243; column_width_percent=&#8220;100&#8243; shift_y=&#8220;0&#8243; z_index=&#8220;0&#8243;][vc_column column_width_percent=&#8220;100&#8243; align_horizontal=&#8220;align_center&#8220; gutter_size=&#8220;3&#8243; overlay_alpha=&#8220;50&#8243; shift_x=&#8220;0&#8243; shift_y=&#8220;0&#8243; shift_y_down=&#8220;0&#8243; z_index=&#8220;0&#8243; medium_width=&#8220;0&#8243; mobile_width=&#8220;0&#8243; width=&#8220;1\/1&#8243;][vc_custom_heading heading_semantic=&#8220;h1&#8243; text_space=&#8220;fontspace-781688&#8243; separator_color=&#8220;yes&#8220; separator=&#8220;yes&#8220; sub_reduced=&#8220;yes&#8220; uncode_shortcode_id=&#8220;191670&#8243;]<span class=\"font-205704\"><span style=\"color: #f6b333; font-weight: bold;\">Passuello<\/span> <span style=\"color: #06416a; font-weight: 500;\">| GTL Fuel Alpin<\/span><\/span>[\/vc_custom_heading][\/vc_column][\/vc_row][vc_row row_height_percent=&#8220;0&#8243; override_padding=&#8220;yes&#8220; h_padding=&#8220;4&#8243; top_padding=&#8220;3&#8243; bottom_padding=&#8220;2&#8243; overlay_alpha=&#8220;50&#8243; equal_height=&#8220;yes&#8220; gutter_size=&#8220;4&#8243; column_width_percent=&#8220;100&#8243; shift_y=&#8220;0&#8243; z_index=&#8220;0&#8243; uncode_shortcode_id=&#8220;152041&#8243;][vc_column column_width_percent=&#8220;100&#8243; gutter_size=&#8220;3&#8243; overlay_alpha=&#8220;50&#8243; shift_x=&#8220;0&#8243; shift_y=&#8220;0&#8243; shift_y_down=&#8220;0&#8243; z_index=&#8220;0&#8243; medium_width=&#8220;0&#8243; mobile_width=&#8220;0&#8243; css_animation=&#8220;top-t-bottom&#8220; animation_speed=&#8220;1000&#8243; animation_delay=&#8220;400&#8243; width=&#8220;1\/1&#8243; uncode_shortcode_id=&#8220;179240&#8243;][vc_custom_heading text_weight=&#8220;700&#8243; text_space=&#8220;fontspace-781688&#8243; sub_reduced=&#8220;yes&#8220; uncode_shortcode_id=&#8220;312591&#8243;]<span style=\"color: #06416a; font-weight: 500;\">GTL Fuel Alpin\u2013 Die einfache L\u00f6sung zur Senkung lokaler Emissionen<\/span>[\/vc_custom_heading][vc_column_text text_lead=&#8220;yes&#8220; uncode_shortcode_id=&#8220;125622&#8243;]Unser gro\u00dfes Ziel ist es, euch Kraftstoffe anzubieten, welche nicht nur die Umwelt weniger belasten, sondern auch die Effizienz und Leistung eurer Flotte steigern. Wir sind stolz darauf, als erster Lieferant in Italien, GTL (Gas to Liquids) Fuel Alpin anbieten zu k\u00f6nnen. Es handelt sich dabei um einen geruchlosen, biologisch leicht abbaubaren Treibstoff. GTL Fuel Alpin ist ein alternativer Kraftstoff, der aus Erdgas hergestellt wird und sauberer verbrennt als herk\u00f6mmlicher Diesel. Lokale Emissionen werden deutlich reduziert.<\/p>\n<h3><strong>Die Verwendung von GTL Fuel Alpin anstelle von Diesel bietet verschiedene Vorteile:<\/strong><\/h3>\n<ul>\n<li>Reduktion lokaler \u201eAuspuff-Emissionen\u201c, einschlie\u00dflich Stickoxid (NOx), Feinstaub (PM), Kohlenmonoxid (CO) und unverbrannten Kohlenwasserstoffen (HC);<\/li>\n<li>Geeignet fu\u0308r den Einsatz in Berggebieten auch bei sehr tiefen Temperaturen mit einem Cold Filter Plugging Point (CFPP) von maximal -30\u00b0C;<\/li>\n<li>Keine zus\u00e4tzlichen Investitionen\/Umru\u0308stungen erforderlich: GTL Fuel Alpin ist ein Drop-in-Kraftstoff, der in Dieselmotoren ohne Umru\u0308stungen verwendet werden kann;<\/li>\n<li>GTL ist lagerstabil und es gibt kaum mikrobielles Wachstum im Tank;<\/li>\n<li>Gleichm\u00e4\u00dfige Verbrennung mit geringerem L\u00e4rmpegel in vielen Motoren;<\/li>\n<li>Bessere Zu\u0308ndwilligkeit aufgrund einer h\u00f6heren Cetanzahl (zwischen 74 und 80);<\/li>\n<li>Leicht zu handhaben: GTL Fuel Alpin ist geruchlos und biologisch leicht abbaubar. GTL wird gem\u00e4\u00df den Kriterien der EU als fu\u0308r Wasserorganismen \u201eunsch\u00e4dlich\u201c eingestuft (Testrichtlinie 201\/202\/203) Es wurden \u201ekeinerlei toxische Wirkungen\u201c beobachtet.<\/li>\n<\/ul>\n<p>Die Vorteile von GTL Fuel Alpin betreffen nicht nur die Verbesserung der Luftqualit\u00e4t, sondern auch die Leistung der Fahrzeuge.<br \/>\nAufgrund seiner optimierten Verbrennungseigenschaften tr\u00e4gt der Kraftstoff dazu bei, die Lebensdauer des Motors zu verl\u00e4ngern und die Kraftstoffeffizienz zu steigern. Diese positiven Effekte tragen nicht nur zur Reduktion von Emissionen bei, sondern auch zur Senkung der Betriebskosten des Fuhrparks.[\/vc_column_text][\/vc_column][\/vc_row][vc_row row_height_percent=&#8220;0&#8243; override_padding=&#8220;yes&#8220; h_padding=&#8220;4&#8243; top_padding=&#8220;2&#8243; bottom_padding=&#8220;3&#8243; overlay_alpha=&#8220;50&#8243; equal_height=&#8220;yes&#8220; gutter_size=&#8220;4&#8243; column_width_percent=&#8220;100&#8243; shift_y=&#8220;0&#8243; z_index=&#8220;0&#8243; uncode_shortcode_id=&#8220;169912&#8243;][vc_column column_width_percent=&#8220;100&#8243; align_horizontal=&#8220;align_center&#8220; gutter_size=&#8220;3&#8243; overlay_alpha=&#8220;50&#8243; shift_x=&#8220;0&#8243; shift_y=&#8220;0&#8243; shift_y_down=&#8220;0&#8243; z_index=&#8220;0&#8243; medium_width=&#8220;0&#8243; mobile_width=&#8220;0&#8243; css_animation=&#8220;top-t-bottom&#8220; animation_speed=&#8220;1000&#8243; animation_delay=&#8220;400&#8243; width=&#8220;1\/1&#8243; uncode_shortcode_id=&#8220;464412&#8243;][vc_single_image media=&#8220;92644&#8243; media_width_percent=&#8220;100&#8243; css_animation=&#8220;zoom-in&#8220; animation_speed=&#8220;1000&#8243; uncode_shortcode_id=&#8220;101982&#8243;][\/vc_column][\/vc_row][vc_row unlock_row_content=&#8220;yes&#8220; row_height_percent=&#8220;45&#8243; override_padding=&#8220;yes&#8220; h_padding=&#8220;7&#8243; top_padding=&#8220;2&#8243; bottom_padding=&#8220;4&#8243; back_color=&#8220;color-xsdn&#8220; back_image=&#8220;89509&#8243; back_repeat=&#8220;no-repeat&#8220; back_position=&#8220;center bottom&#8220; overlay_alpha=&#8220;100&#8243; equal_height=&#8220;yes&#8220; gutter_size=&#8220;2&#8243; column_width_percent=&#8220;0&#8243; shift_y=&#8220;5&#8243; z_index=&#8220;10&#8243; style=&#8220;inherited&#8220; uncode_shortcode_id=&#8220;821840&#8243; back_color_type=&#8220;uncode-palette&#8220;][vc_column column_width_percent=&#8220;100&#8243; position_vertical=&#8220;middle&#8220; gutter_size=&#8220;1&#8243; override_padding=&#8220;yes&#8220; column_padding=&#8220;1&#8243; style=&#8220;dark&#8220; overlay_alpha=&#8220;50&#8243; shift_x=&#8220;0&#8243; shift_y=&#8220;0&#8243; shift_y_down=&#8220;0&#8243; z_index=&#8220;0&#8243; medium_width=&#8220;0&#8243; mobile_width=&#8220;0&#8243; zoom_width=&#8220;0&#8243; zoom_height=&#8220;0&#8243; width=&#8220;1\/3&#8243; uncode_shortcode_id=&#8220;942117&#8243;][\/vc_column][vc_column width=&#8220;1\/3&#8243;][\/vc_column][vc_column column_width_percent=&#8220;100&#8243; position_vertical=&#8220;middle&#8220; gutter_size=&#8220;3&#8243; override_padding=&#8220;yes&#8220; column_padding=&#8220;3&#8243; overlay_alpha=&#8220;50&#8243; shift_x=&#8220;0&#8243; shift_y=&#8220;0&#8243; shift_y_down=&#8220;0&#8243; z_index=&#8220;0&#8243; medium_width=&#8220;0&#8243; mobile_width=&#8220;0&#8243; width=&#8220;1\/3&#8243; uncode_shortcode_id=&#8220;525084&#8243;][vc_custom_heading heading_semantic=&#8220;h3&#8243; text_size=&#8220;fontsize-327175&#8243; text_height=&#8220;fontheight-357766&#8243; uncode_shortcode_id=&#8220;115127&#8243;]<span style=\"color: #ffffff; font-weight: 400;\">Wie kann man<\/span><br \/>\n<span style=\"color: #ffffff; font-weight: 400;\">weniger ausgeben und<\/span><br \/>\n<span style=\"color: #f6b333; font-weight: 800;\"><strong>besser leben?<\/strong><\/span>[\/vc_custom_heading][vc_button button_color=&#8220;color-958619&#8243; size=&#8220;btn-lg&#8220; radius=&#8220;btn-circle&#8220; border_animation=&#8220;btn-ripple-out&#8220; hover_fx=&#8220;full-colored&#8220; text_skin=&#8220;yes&#8220; border_width=&#8220;0&#8243; link=&#8220;url:https%3A%2F%2Fwww.passuellofratelli.it%2Fde%2Ftipps%2F|title:Combustibili|&#8220; button_color_type=&#8220;uncode-palette&#8220; uncode_shortcode_id=&#8220;146241&#8243;]Zu den Tipps[\/vc_button][\/vc_column][\/vc_row][vc_row row_height_percent=&#8220;0&#8243; override_padding=&#8220;yes&#8220; h_padding=&#8220;2&#8243; top_padding=&#8220;3&#8243; bottom_padding=&#8220;3&#8243; back_color=&#8220;color-786529&#8243; overlay_alpha=&#8220;50&#8243; gutter_size=&#8220;3&#8243; column_width_percent=&#8220;100&#8243; shift_y=&#8220;0&#8243; z_index=&#8220;0&#8243; uncode_shortcode_id=&#8220;111090&#8243; back_color_type=&#8220;uncode-palette&#8220;][vc_column column_width_use_pixel=&#8220;yes&#8220; align_horizontal=&#8220;align_center&#8220; gutter_size=&#8220;3&#8243; override_padding=&#8220;yes&#8220; column_padding=&#8220;1&#8243; overlay_alpha=&#8220;50&#8243; shift_x=&#8220;0&#8243; shift_y=&#8220;0&#8243; shift_y_down=&#8220;0&#8243; z_index=&#8220;0&#8243; medium_width=&#8220;0&#8243; mobile_width=&#8220;0&#8243; width=&#8220;1\/1&#8243; column_width_pixel=&#8220;1100&#8243; uncode_shortcode_id=&#8220;363596&#8243;][vc_custom_heading text_color=&#8220;color-xsdn&#8220; heading_semantic=&#8220;h6&#8243; text_space=&#8220;fontspace-781688&#8243; sub_reduced=&#8220;yes&#8220; css_animation=&#8220;zoom-out&#8220; animation_speed=&#8220;1000&#8243; animation_delay=&#8220;200&#8243; uncode_shortcode_id=&#8220;122839&#8243; text_color_type=&#8220;uncode-palette&#8220;]<span class=\"font-205704\"><span style=\"color: #f6b333; font-weight: 800;\"> Du m\u00f6chtest<\/span> <span style=\"color: #ffffff; font-weight: 400;\"> mehr erfahren?<\/span><\/span>[\/vc_custom_heading][vc_column_text text_lead=&#8220;yes&#8220; css=&#8220;.vc_custom_1718956561397{margin-top: 15px !important;}&#8220; uncode_shortcode_id=&#8220;134518&#8243;]<\/p>\n<p style=\"text-align: center;\"><span style=\"color: #ffffff;\">Du m\u00f6chtest herausfinden welcher Treibstoff f\u00fcr dich am besten geeignet ist? Oder bist mit deinem aktuellen Anbieter nicht zufrieden und m\u00f6chtest ein Angebot von uns bekommen?<\/span><\/p>\n<p>[\/vc_column_text][vc_custom_heading text_color=&#8220;color-xsdn&#8220; heading_semantic=&#8220;h6&#8243; text_size=&#8220;h3&#8243; text_space=&#8220;fontspace-781688&#8243; sub_reduced=&#8220;yes&#8220; uncode_shortcode_id=&#8220;948177&#8243; text_color_type=&#8220;uncode-palette&#8220;]<span class=\"font-205704\"><span style=\"color: #ffffff; font-weight: 800;\">Sende uns deine Anfrage oder besuche uns in unserem B\u00fcro.<\/span><\/span>[\/vc_custom_heading][vc_button button_color=&#8220;accent&#8220; radius=&#8220;btn-circle&#8220; border_animation=&#8220;btn-ripple-out&#8220; hover_fx=&#8220;full-colored&#8220; custom_typo=&#8220;yes&#8220; font_family=&#8220;font-100472&#8243; font_weight=&#8220;700&#8243; text_transform=&#8220;uppercase&#8220; letter_spacing=&#8220;fontspace-210350&#8243; border_width=&#8220;0&#8243; link=&#8220;url:https%3A%2F%2Fwww.passuellofratelli.it%2Fde%2Fkontakt%2F|title:Contatti&#8220; button_color_type=&#8220;uncode-palette&#8220; uncode_shortcode_id=&#8220;726140&#8243;]KONTAKTIERE UNS[\/vc_button][\/vc_column][\/vc_row]<\/p>\n<\/div>","protected":false},"excerpt":{"rendered":"<p>[vc_row row_height_percent=&#8220;0&#8243; override_padding=&#8220;yes&#8220; h_padding=&#8220;2&#8243; top_padding=&#8220;3&#8243; bottom_padding=&#8220;0&#8243; back_color=&#8220;accent&#8220; overlay_alpha=&#8220;50&#8243; gutter_size=&#8220;3&#8243; column_width_percent=&#8220;100&#8243; shift_y=&#8220;0&#8243; z_index=&#8220;0&#8243; uncode_shortcode_id=&#8220;203740&#8243; back_color_type=&#8220;uncode-palette&#8220;][vc_column column_width_use_pixel=&#8220;yes&#8220; align_horizontal=&#8220;align_center&#8220; gutter_size=&#8220;3&#8243; style=&#8220;light&#8220; overlay_alpha=&#8220;50&#8243; shift_x=&#8220;0&#8243; [&hellip;]<\/p>\n","protected":false},"author":1,"featured_media":0,"parent":0,"menu_order":0,"comment_status":"closed","ping_status":"closed","template":"","meta":{"footnotes":""},"class_list":["post-92630","page","type-page","status-publish","hentry"],"yoast_head":"<!-- This site is optimized with the Yoast SEO plugin v27.6 - https:\/\/yoast.com\/product\/yoast-seo-wordpress\/ -->\n<title>GTL Fuel Alpin - Passuello Fratelli<\/title>\n<meta name=\"description\" content=\"Unser gro\u00dfes Ziel ist es, euch Kraftstoffe anzubieten, welche nicht nur die Umwelt weniger belasten.\" \/>\n<meta name=\"robots\" content=\"index, follow, max-snippet:-1, max-image-preview:large, max-video-preview:-1\" \/>\n<link rel=\"canonical\" href=\"https:\/\/www.passuellofratelli.it\/de\/gtl-fuel-alpin\/\" \/>\n<meta property=\"og:locale\" content=\"de_DE\" \/>\n<meta property=\"og:type\" content=\"article\" \/>\n<meta property=\"og:title\" content=\"GTL Fuel Alpin - Passuello Fratelli Gasolio da riscaldamento.\" \/>\n<meta property=\"og:description\" content=\"Per chi ha il riscaldamento a GPL a Belluno, in Friuli, a Udine con serbatoio per uso domestico, facciamo la fornitura di gas gpl.\" \/>\n<meta property=\"og:url\" content=\"https:\/\/www.passuellofratelli.it\/de\/gtl-fuel-alpin\/\" \/>\n<meta property=\"og:site_name\" content=\"Passuello Fratelli\" \/>\n<meta property=\"article:publisher\" content=\"https:\/\/www.facebook.com\/PassuelloFratelli\/\" \/>\n<meta property=\"article:modified_time\" content=\"2026-02-02T14:06:09+00:00\" \/>\n<meta property=\"og:image\" content=\"https:\/\/www.passuellofratelli.it\/wp-content\/uploads\/2024\/02\/Slider-gasolio-da-riscaldamento.jpg\" \/>\n\t<meta property=\"og:image:width\" content=\"1920\" \/>\n\t<meta property=\"og:image:height\" content=\"1081\" \/>\n\t<meta property=\"og:image:type\" content=\"image\/jpeg\" \/>\n<meta name=\"twitter:card\" content=\"summary_large_image\" \/>\n<meta name=\"twitter:title\" content=\"GTL Fuel Alpin - Passuello Fratelli Gasolio da riscaldamento.\" \/>\n<meta name=\"twitter:description\" content=\"Per chi ha il riscaldamento a GPL a Belluno, in Friuli, a Udine con serbatoio per uso domestico, facciamo la fornitura di gas gpl.\" \/>\n<meta name=\"twitter:image\" content=\"https:\/\/www.passuellofratelli.it\/wp-content\/uploads\/2024\/02\/Slider-gasolio-da-riscaldamento.jpg\" \/>\n<meta name=\"twitter:label1\" content=\"Gesch\u00e4tzte Lesezeit\" \/>\n\t<meta name=\"twitter:data1\" content=\"3\u00a0Minuten\" \/>\n<script type=\"application\/ld+json\" class=\"yoast-schema-graph\">{\"@context\":\"https:\\\/\\\/schema.org\",\"@graph\":[{\"@type\":\"WebPage\",\"@id\":\"https:\\\/\\\/www.passuellofratelli.it\\\/de\\\/gtl-fuel-alpin\\\/\",\"url\":\"https:\\\/\\\/www.passuellofratelli.it\\\/de\\\/gtl-fuel-alpin\\\/\",\"name\":\"GTL Fuel Alpin - Passuello Fratelli\",\"isPartOf\":{\"@id\":\"https:\\\/\\\/www.passuellofratelli.it\\\/de\\\/#website\"},\"datePublished\":\"2024-06-19T12:51:56+00:00\",\"dateModified\":\"2026-02-02T14:06:09+00:00\",\"description\":\"Unser gro\u00dfes Ziel ist es, euch Kraftstoffe anzubieten, welche nicht nur die Umwelt weniger belasten.\",\"breadcrumb\":{\"@id\":\"https:\\\/\\\/www.passuellofratelli.it\\\/de\\\/gtl-fuel-alpin\\\/#breadcrumb\"},\"inLanguage\":\"de\",\"potentialAction\":[{\"@type\":\"ReadAction\",\"target\":[\"https:\\\/\\\/www.passuellofratelli.it\\\/de\\\/gtl-fuel-alpin\\\/\"]}]},{\"@type\":\"BreadcrumbList\",\"@id\":\"https:\\\/\\\/www.passuellofratelli.it\\\/de\\\/gtl-fuel-alpin\\\/#breadcrumb\",\"itemListElement\":[{\"@type\":\"ListItem\",\"position\":1,\"name\":\"Home\",\"item\":\"https:\\\/\\\/www.passuellofratelli.it\\\/de\\\/\"},{\"@type\":\"ListItem\",\"position\":2,\"name\":\"GTL Fuel Alpin\"}]},{\"@type\":\"WebSite\",\"@id\":\"https:\\\/\\\/www.passuellofratelli.it\\\/de\\\/#website\",\"url\":\"https:\\\/\\\/www.passuellofratelli.it\\\/de\\\/\",\"name\":\"Passuello Fratelli\",\"description\":\"Prodotti energetici\",\"publisher\":{\"@id\":\"https:\\\/\\\/www.passuellofratelli.it\\\/de\\\/#organization\"},\"potentialAction\":[{\"@type\":\"SearchAction\",\"target\":{\"@type\":\"EntryPoint\",\"urlTemplate\":\"https:\\\/\\\/www.passuellofratelli.it\\\/de\\\/?s={search_term_string}\"},\"query-input\":{\"@type\":\"PropertyValueSpecification\",\"valueRequired\":true,\"valueName\":\"search_term_string\"}}],\"inLanguage\":\"de\"},{\"@type\":\"Organization\",\"@id\":\"https:\\\/\\\/www.passuellofratelli.it\\\/de\\\/#organization\",\"name\":\"Passuello Fratelli\",\"url\":\"https:\\\/\\\/www.passuellofratelli.it\\\/de\\\/\",\"logo\":{\"@type\":\"ImageObject\",\"inLanguage\":\"de\",\"@id\":\"https:\\\/\\\/www.passuellofratelli.it\\\/de\\\/#\\\/schema\\\/logo\\\/image\\\/\",\"url\":\"https:\\\/\\\/www.passuellofratelli.it\\\/wp-content\\\/uploads\\\/2021\\\/04\\\/logo_scuro_righe-bianche.svg\",\"contentUrl\":\"https:\\\/\\\/www.passuellofratelli.it\\\/wp-content\\\/uploads\\\/2021\\\/04\\\/logo_scuro_righe-bianche.svg\",\"width\":276,\"height\":2756,\"caption\":\"Passuello Fratelli\"},\"image\":{\"@id\":\"https:\\\/\\\/www.passuellofratelli.it\\\/de\\\/#\\\/schema\\\/logo\\\/image\\\/\"},\"sameAs\":[\"https:\\\/\\\/www.facebook.com\\\/PassuelloFratelli\\\/\",\"https:\\\/\\\/www.instagram.com\\\/passuello_fratelli\\\/\"]}]}<\/script>\n<!-- \/ Yoast SEO plugin. -->","yoast_head_json":{"title":"GTL Fuel Alpin - Passuello Fratelli","description":"Unser gro\u00dfes Ziel ist es, euch Kraftstoffe anzubieten, welche nicht nur die Umwelt weniger belasten.","robots":{"index":"index","follow":"follow","max-snippet":"max-snippet:-1","max-image-preview":"max-image-preview:large","max-video-preview":"max-video-preview:-1"},"canonical":"https:\/\/www.passuellofratelli.it\/de\/gtl-fuel-alpin\/","og_locale":"de_DE","og_type":"article","og_title":"GTL Fuel Alpin - Passuello Fratelli Gasolio da riscaldamento.","og_description":"Per chi ha il riscaldamento a GPL a Belluno, in Friuli, a Udine con serbatoio per uso domestico, facciamo la fornitura di gas gpl.","og_url":"https:\/\/www.passuellofratelli.it\/de\/gtl-fuel-alpin\/","og_site_name":"Passuello Fratelli","article_publisher":"https:\/\/www.facebook.com\/PassuelloFratelli\/","article_modified_time":"2026-02-02T14:06:09+00:00","og_image":[{"width":1920,"height":1081,"url":"https:\/\/www.passuellofratelli.it\/wp-content\/uploads\/2024\/02\/Slider-gasolio-da-riscaldamento.jpg","type":"image\/jpeg"}],"twitter_card":"summary_large_image","twitter_title":"GTL Fuel Alpin - Passuello Fratelli Gasolio da riscaldamento.","twitter_description":"Per chi ha il riscaldamento a GPL a Belluno, in Friuli, a Udine con serbatoio per uso domestico, facciamo la fornitura di gas gpl.","twitter_image":"https:\/\/www.passuellofratelli.it\/wp-content\/uploads\/2024\/02\/Slider-gasolio-da-riscaldamento.jpg","twitter_misc":{"Gesch\u00e4tzte Lesezeit":"3\u00a0Minuten"},"schema":{"@context":"https:\/\/schema.org","@graph":[{"@type":"WebPage","@id":"https:\/\/www.passuellofratelli.it\/de\/gtl-fuel-alpin\/","url":"https:\/\/www.passuellofratelli.it\/de\/gtl-fuel-alpin\/","name":"GTL Fuel Alpin - Passuello Fratelli","isPartOf":{"@id":"https:\/\/www.passuellofratelli.it\/de\/#website"},"datePublished":"2024-06-19T12:51:56+00:00","dateModified":"2026-02-02T14:06:09+00:00","description":"Unser gro\u00dfes Ziel ist es, euch Kraftstoffe anzubieten, welche nicht nur die Umwelt weniger belasten.","breadcrumb":{"@id":"https:\/\/www.passuellofratelli.it\/de\/gtl-fuel-alpin\/#breadcrumb"},"inLanguage":"de","potentialAction":[{"@type":"ReadAction","target":["https:\/\/www.passuellofratelli.it\/de\/gtl-fuel-alpin\/"]}]},{"@type":"BreadcrumbList","@id":"https:\/\/www.passuellofratelli.it\/de\/gtl-fuel-alpin\/#breadcrumb","itemListElement":[{"@type":"ListItem","position":1,"name":"Home","item":"https:\/\/www.passuellofratelli.it\/de\/"},{"@type":"ListItem","position":2,"name":"GTL Fuel Alpin"}]},{"@type":"WebSite","@id":"https:\/\/www.passuellofratelli.it\/de\/#website","url":"https:\/\/www.passuellofratelli.it\/de\/","name":"Passuello Fratelli","description":"Prodotti energetici","publisher":{"@id":"https:\/\/www.passuellofratelli.it\/de\/#organization"},"potentialAction":[{"@type":"SearchAction","target":{"@type":"EntryPoint","urlTemplate":"https:\/\/www.passuellofratelli.it\/de\/?s={search_term_string}"},"query-input":{"@type":"PropertyValueSpecification","valueRequired":true,"valueName":"search_term_string"}}],"inLanguage":"de"},{"@type":"Organization","@id":"https:\/\/www.passuellofratelli.it\/de\/#organization","name":"Passuello Fratelli","url":"https:\/\/www.passuellofratelli.it\/de\/","logo":{"@type":"ImageObject","inLanguage":"de","@id":"https:\/\/www.passuellofratelli.it\/de\/#\/schema\/logo\/image\/","url":"https:\/\/www.passuellofratelli.it\/wp-content\/uploads\/2021\/04\/logo_scuro_righe-bianche.svg","contentUrl":"https:\/\/www.passuellofratelli.it\/wp-content\/uploads\/2021\/04\/logo_scuro_righe-bianche.svg","width":276,"height":2756,"caption":"Passuello Fratelli"},"image":{"@id":"https:\/\/www.passuellofratelli.it\/de\/#\/schema\/logo\/image\/"},"sameAs":["https:\/\/www.facebook.com\/PassuelloFratelli\/","https:\/\/www.instagram.com\/passuello_fratelli\/"]}]}},"_links":{"self":[{"href":"https:\/\/www.passuellofratelli.it\/de\/wp-json\/wp\/v2\/pages\/92630","targetHints":{"allow":["GET"]}}],"collection":[{"href":"https:\/\/www.passuellofratelli.it\/de\/wp-json\/wp\/v2\/pages"}],"about":[{"href":"https:\/\/www.passuellofratelli.it\/de\/wp-json\/wp\/v2\/types\/page"}],"author":[{"embeddable":true,"href":"https:\/\/www.passuellofratelli.it\/de\/wp-json\/wp\/v2\/users\/1"}],"replies":[{"embeddable":true,"href":"https:\/\/www.passuellofratelli.it\/de\/wp-json\/wp\/v2\/comments?post=92630"}],"version-history":[{"count":16,"href":"https:\/\/www.passuellofratelli.it\/de\/wp-json\/wp\/v2\/pages\/92630\/revisions"}],"predecessor-version":[{"id":92788,"href":"https:\/\/www.passuellofratelli.it\/de\/wp-json\/wp\/v2\/pages\/92630\/revisions\/92788"}],"wp:attachment":[{"href":"https:\/\/www.passuellofratelli.it\/de\/wp-json\/wp\/v2\/media?parent=92630"}],"curies":[{"name":"wp","href":"https:\/\/api.w.org\/{rel}","templated":true}]}}