{"id":90152,"date":"2021-03-31T12:50:02","date_gmt":"2021-03-31T12:50:02","guid":{"rendered":"https:\/\/www.passuellofratelli.it\/contatti\/"},"modified":"2026-02-02T14:14:38","modified_gmt":"2026-02-02T14:14:38","slug":"kontakt","status":"publish","type":"page","link":"https:\/\/www.passuellofratelli.it\/de\/kontakt\/","title":{"rendered":"Kontakt"},"content":{"rendered":"<div class=\"wpb-content-wrapper\"><p>[vc_row row_height_percent=&#8220;0&#8243; override_padding=&#8220;yes&#8220; h_padding=&#8220;2&#8243; top_padding=&#8220;2&#8243; bottom_padding=&#8220;0&#8243; back_color=&#8220;accent&#8220; overlay_alpha=&#8220;50&#8243; gutter_size=&#8220;3&#8243; column_width_percent=&#8220;100&#8243; shift_y=&#8220;0&#8243; z_index=&#8220;0&#8243;][vc_column column_width_use_pixel=&#8220;yes&#8220; align_horizontal=&#8220;align_center&#8220; gutter_size=&#8220;3&#8243; style=&#8220;light&#8220; overlay_alpha=&#8220;50&#8243; shift_x=&#8220;0&#8243; shift_y=&#8220;0&#8243; shift_y_down=&#8220;0&#8243; z_index=&#8220;0&#8243; medium_width=&#8220;0&#8243; mobile_width=&#8220;0&#8243; width=&#8220;1\/1&#8243; column_width_pixel=&#8220;1100&#8243;][vc_custom_heading text_color=&#8220;color-xsdn&#8220; heading_semantic=&#8220;h1&#8243; text_space=&#8220;fontspace-781688&#8243; sub_reduced=&#8220;yes&#8220; uncode_shortcode_id=&#8220;158306&#8243; text_color_type=&#8220;uncode-palette&#8220;]<span class=\"font-205704\"><span style=\"color: #06416a; font-weight: 500;\">WIR SCH\u00c4TZEN DEN <\/span> <span style=\"color: #ffffff; font-weight: 800;\">PERS\u00d6NLICHEN KONTAKT<\/span><\/span>[\/vc_custom_heading][vc_column_text text_lead=&#8220;yes&#8220; css=&#8220;.vc_custom_1706799190367{margin-top: 15px !important;}&#8220; uncode_shortcode_id=&#8220;176917&#8243;]<\/p>\n<p style=\"text-align: center;\"><span style=\"color: #ffffff;\">Unsere Verkaufsberater freuen sich jederzeit \u00fcber ein pers\u00f6nliches Gespr\u00e4ch mit dir. Nimm hier Kontakt mit uns auf.<\/span><\/p>\n<p>[\/vc_column_text][\/vc_column][\/vc_row][vc_row row_height_percent=&#8220;0&#8243; override_padding=&#8220;yes&#8220; h_padding=&#8220;0&#8243; top_padding=&#8220;0&#8243; bottom_padding=&#8220;0&#8243; back_color=&#8220;color-uydo&#8220; back_image=&#8220;88242&#8243; back_position=&#8220;center center&#8220; overlay_alpha=&#8220;50&#8243; gutter_size=&#8220;4&#8243; column_width_percent=&#8220;100&#8243; shift_y=&#8220;0&#8243; shift_y_fixed=&#8220;yes&#8220; z_index=&#8220;0&#8243; row_height_pixel=&#8220;150px&#8220; el_id=&#8220;attivala&#8220; uncode_shortcode_id=&#8220;206731&#8243; back_color_type=&#8220;uncode-palette&#8220;][vc_column column_width_percent=&#8220;100&#8243; position_vertical=&#8220;middle&#8220; align_horizontal=&#8220;align_center&#8220; gutter_size=&#8220;6&#8243; override_padding=&#8220;yes&#8220; column_padding=&#8220;1&#8243; expand_height=&#8220;yes&#8220; style=&#8220;light&#8220; overlay_alpha=&#8220;50&#8243; shift_x=&#8220;0&#8243; shift_y=&#8220;0&#8243; shift_y_down=&#8220;0&#8243; z_index=&#8220;0&#8243; medium_width=&#8220;0&#8243; align_mobile=&#8220;align_center_mobile&#8220; mobile_width=&#8220;0&#8243; width=&#8220;1\/1&#8243;][vc_icon position=&#8220;bottom&#8220; display=&#8220;absolute-center&#8220; icon=&#8220;fa fa-map-marker&#8220; icon_color=&#8220;color-786529&#8243; background_style=&#8220;fa-rounded&#8220; size=&#8220;fa-2x&#8220; icon_automatic=&#8220;yes&#8220; css_animation=&#8220;zoom-in&#8220; animation_speed=&#8220;1000&#8243; link=&#8220;url:https%3A%2F%2Fwww.passuellofratelli.it%2Fsedi%2F|title:Sedi&#8220; uncode_shortcode_id=&#8220;520039&#8243; icon_color_type=&#8220;uncode-palette&#8220;][\/vc_icon][\/vc_column][\/vc_row][vc_row row_height_percent=&#8220;0&#8243; override_padding=&#8220;yes&#8220; h_padding=&#8220;2&#8243; top_padding=&#8220;2&#8243; bottom_padding=&#8220;0&#8243; back_color=&#8220;color-uydo&#8220; overlay_alpha=&#8220;50&#8243; gutter_size=&#8220;3&#8243; column_width_percent=&#8220;100&#8243; shift_y=&#8220;0&#8243; z_index=&#8220;0&#8243; uncode_shortcode_id=&#8220;117693&#8243; row_name=&#8220;attivala&#8220; back_color_type=&#8220;uncode-palette&#8220;][vc_column column_width_percent=&#8220;100&#8243; align_horizontal=&#8220;align_center&#8220; gutter_size=&#8220;3&#8243; style=&#8220;light&#8220; overlay_alpha=&#8220;50&#8243; shift_x=&#8220;0&#8243; shift_y=&#8220;0&#8243; shift_y_down=&#8220;0&#8243; z_index=&#8220;0&#8243; medium_width=&#8220;0&#8243; mobile_width=&#8220;0&#8243; width=&#8220;1\/1&#8243;][vc_custom_heading text_size=&#8220;h1&#8243; text_space=&#8220;fontspace-781688&#8243; separator_color=&#8220;yes&#8220; separator=&#8220;yes&#8220; sub_reduced=&#8220;yes&#8220; uncode_shortcode_id=&#8220;938846&#8243;]<\/p>\n<div style=\"text-align: center;\"><span class=\"font-205704\"><span style=\"color: #f6b333; font-weight: bold;\">KONTAKTFORMULAR<\/span><\/span><\/div>\n<p>[\/vc_custom_heading][\/vc_column][\/vc_row][vc_row row_height_percent=&#8220;0&#8243; override_padding=&#8220;yes&#8220; h_padding=&#8220;4&#8243; top_padding=&#8220;3&#8243; bottom_padding=&#8220;3&#8243; back_color=&#8220;color-uydo&#8220; overlay_alpha=&#8220;50&#8243; equal_height=&#8220;yes&#8220; gutter_size=&#8220;4&#8243; column_width_percent=&#8220;100&#8243; shift_y=&#8220;0&#8243; z_index=&#8220;0&#8243; uncode_shortcode_id=&#8220;493721&#8243; back_color_type=&#8220;uncode-palette&#8220;][vc_column column_width_percent=&#8220;100&#8243; gutter_size=&#8220;3&#8243; overlay_alpha=&#8220;50&#8243; shift_x=&#8220;0&#8243; shift_y=&#8220;0&#8243; shift_y_down=&#8220;0&#8243; z_index=&#8220;0&#8243; medium_width=&#8220;0&#8243; mobile_width=&#8220;0&#8243; css_animation=&#8220;top-t-bottom&#8220; animation_speed=&#8220;1000&#8243; animation_delay=&#8220;400&#8243; width=&#8220;1\/1&#8243;][vc_column_text uncode_shortcode_id=&#8220;186852&#8243;]<div class=\"forminator-ui forminator-custom-form forminator-custom-form-90163 forminator-design--bold  forminator_ajax\" data-forminator-render=\"0\" data-form=\"forminator-module-90163\" data-uid=\"69e5f66933514\"><br\/><\/div><form\n\t\t\t\tid=\"forminator-module-90163\"\n\t\t\t\tclass=\"forminator-ui forminator-custom-form forminator-custom-form-90163 forminator-design--bold  forminator_ajax\"\n\t\t\t\tmethod=\"post\"\n\t\t\t\tdata-forminator-render=\"0\"\n\t\t\t\tdata-form-id=\"90163\"\n\t\t\t\t data-color-option=\"default\" data-design=\"bold\" data-grid=\"open\" style=\"display: none;\"\n\t\t\t\tdata-uid=\"69e5f66933514\"\n\t\t\t><div role=\"alert\" aria-live=\"polite\" class=\"forminator-response-message forminator-error\" aria-hidden=\"true\"><\/div><div class=\"forminator-row\"><div id=\"name-1\" class=\"forminator-field-name forminator-col forminator-col-6 \"><div class=\"forminator-field\"><label for=\"forminator-field-name-1_69e5f66933514\" id=\"forminator-field-name-1_69e5f66933514-label\" class=\"forminator-label\">Vor- und Nachname <span class=\"forminator-required\">*<\/span><\/label><input type=\"text\" name=\"name-1\" value=\"\" placeholder=\"\" id=\"forminator-field-name-1_69e5f66933514\" class=\"forminator-input forminator-name--field\" aria-required=\"true\" autocomplete=\"name\" \/><\/div><\/div><div id=\"email-1\" class=\"forminator-field-email forminator-col forminator-col-6 \"><div class=\"forminator-field\"><label for=\"forminator-field-email-1_69e5f66933514\" id=\"forminator-field-email-1_69e5f66933514-label\" class=\"forminator-label\">E-mail <span class=\"forminator-required\">*<\/span><\/label><input type=\"email\" name=\"email-1\" value=\"\" placeholder=\"\" id=\"forminator-field-email-1_69e5f66933514\" class=\"forminator-input forminator-email--field\" data-required=\"true\" aria-required=\"true\" autocomplete=\"email\" \/><\/div><\/div><\/div><div class=\"forminator-row\"><div id=\"phone-1\" class=\"forminator-field-phone forminator-col forminator-col-6 \"><div class=\"forminator-field\"><label for=\"forminator-field-phone-1_69e5f66933514\" id=\"forminator-field-phone-1_69e5f66933514-label\" class=\"forminator-label\">Telefon <span class=\"forminator-required\">*<\/span><\/label><input type=\"text\" name=\"phone-1\" value=\"\" placeholder=\"\" id=\"forminator-field-phone-1_69e5f66933514\" class=\"forminator-input forminator-field--phone\" data-required=\"1\" aria-required=\"true\" autocomplete=\"off\" \/><\/div><\/div><div id=\"text-1\" class=\"forminator-field-text forminator-col forminator-col-6 \"><div class=\"forminator-field\"><label for=\"forminator-field-text-1_69e5f66933514\" id=\"forminator-field-text-1_69e5f66933514-label\" class=\"forminator-label\">Wohnort <span class=\"forminator-required\">*<\/span><\/label><input type=\"text\" name=\"text-1\" value=\"\" placeholder=\"\" id=\"forminator-field-text-1_69e5f66933514\" class=\"forminator-input forminator-name--field\" data-required=\"1\" \/><\/div><\/div><\/div><div class=\"forminator-row\"><div id=\"textarea-1\" class=\"forminator-field-textarea forminator-col forminator-col-12 \"><div class=\"forminator-field\"><label for=\"forminator-field-textarea-1_69e5f66933514\" id=\"forminator-field-textarea-1_69e5f66933514-label\" class=\"forminator-label\">Nachricht<\/label><textarea name=\"textarea-1\" placeholder=\"\" id=\"forminator-field-textarea-1_69e5f66933514\" class=\"forminator-textarea\" rows=\"6\" style=\"min-height:140px;\" maxlength=\"350\" ><\/textarea><span id=\"forminator-field-textarea-1_69e5f66933514-description\" class=\"forminator-description\"><span data-limit=\"350\" data-type=\"characters\" data-editor=\"\">0 \/ 350<\/span><\/span><\/div><\/div><\/div><div class=\"forminator-row\"><div id=\"gdprcheckbox-1\" class=\"forminator-field-gdprcheckbox forminator-col forminator-col-12 \"><div class=\"forminator-field\"><label for=\"forminator-field-gdprcheckbox-1_69e5f66933514\" id=\"forminator-field-gdprcheckbox-1_69e5f66933514-label\" class=\"forminator-label\">DSGVO <span class=\"forminator-required\">*<\/span><\/label><label for=\"forminator-field-gdprcheckbox-1_69e5f66933514\" class=\"forminator-checkbox\"><input type=\"checkbox\" name=\"gdprcheckbox-1\" value=\"true\" id=\"forminator-field-gdprcheckbox-1_69e5f66933514\" data-required=\"true\" aria-required=\"true\" \/><span class=\"forminator-checkbox-box\" aria-hidden=\"true\"><\/span><span class=\"forminator-checkbox-label\">DSGVO - Zustimmung zur Verordnung \u00fcber den: Datenschutzerkl\u00e4rung<\/span><\/label><\/div><\/div><\/div><div class=\"forminator-row\"><div id=\"captcha-1\" class=\"forminator-field-captcha forminator-col forminator-col-12 \"><div class=\"forminator-captcha-left forminator-g-recaptcha recaptcha-invisible\" data-theme=\"light\" data-badge=\"inline\" data-sitekey=\"6LfwqgIbAAAAAD9-Ut5x6_cu3JrXh5luzT5989pl\" data-size=\"invisible\"><\/div> <\/div><\/div><input type=\"hidden\" name=\"referer_url\" value=\"\" \/><div class=\"forminator-row forminator-row-last\"><div class=\"forminator-col\"><div class=\"forminator-field\"><button class=\"forminator-button forminator-button-submit\">SENDEN<\/button><\/div><\/div><\/div><input type=\"hidden\" id=\"forminator_nonce\" name=\"forminator_nonce\" value=\"cb00434c0b\" \/><input type=\"hidden\" name=\"_wp_http_referer\" value=\"\/de\/wp-json\/wp\/v2\/pages\/90152\" \/><input type=\"hidden\" name=\"form_id\" value=\"90163\"><input type=\"hidden\" name=\"page_id\" value=\"90152\"><input type=\"hidden\" name=\"form_type\" value=\"default\"><input type=\"hidden\" name=\"current_url\" value=\"https:\/\/www.passuellofratelli.it\/de\/kontakt\/\"><input type=\"hidden\" name=\"render_id\" value=\"0\"><input type=\"hidden\" name=\"action\" value=\"forminator_submit_form_custom-forms\"><\/form>[\/vc_column_text][\/vc_column][\/vc_row][vc_row unlock_row_content=&#8220;yes&#8220; row_height_percent=&#8220;0&#8243; override_padding=&#8220;yes&#8220; h_padding=&#8220;7&#8243; top_padding=&#8220;3&#8243; bottom_padding=&#8220;3&#8243; back_color=&#8220;color-lxmt&#8220; overlay_alpha=&#8220;50&#8243; equal_height=&#8220;yes&#8220; gutter_size=&#8220;3&#8243; column_width_percent=&#8220;100&#8243; shift_y=&#8220;0&#8243; z_index=&#8220;0&#8243; content_parallax=&#8220;0&#8243; uncode_shortcode_id=&#8220;354259&#8243; back_color_type=&#8220;uncode-palette&#8220;][vc_column column_width_percent=&#8220;100&#8243; gutter_size=&#8220;3&#8243; override_padding=&#8220;yes&#8220; column_padding=&#8220;0&#8243; overlay_alpha=&#8220;50&#8243; shift_x=&#8220;0&#8243; shift_y=&#8220;0&#8243; shift_y_down=&#8220;0&#8243; z_index=&#8220;0&#8243; medium_width=&#8220;0&#8243; mobile_width=&#8220;0&#8243; width=&#8220;1\/4&#8243; uncode_shortcode_id=&#8220;184936&#8243;][\/vc_column][vc_column column_width_percent=&#8220;100&#8243; gutter_size=&#8220;3&#8243; overlay_alpha=&#8220;50&#8243; shift_x=&#8220;0&#8243; shift_y=&#8220;0&#8243; shift_y_down=&#8220;0&#8243; z_index=&#8220;0&#8243; medium_width=&#8220;0&#8243; mobile_width=&#8220;0&#8243; width=&#8220;1\/4&#8243; uncode_shortcode_id=&#8220;212383&#8243;][vc_column_text text_lead=&#8220;yes&#8220; uncode_shortcode_id=&#8220;960847&#8243;]<strong><span style=\"color: #06416a;\">Montag bis Freitag:<\/span><\/strong><br \/>\n<span style=\"color: #f6b333; font-weight: bold;\">8.00-12.00 <span style=\"color: #06416a; font-weight: 300;\">|<\/span> 13.00-18.00<\/span>[\/vc_column_text][\/vc_column][vc_column width=&#8220;1\/4&#8243;][vc_column_text text_lead=&#8220;yes&#8220; uncode_shortcode_id=&#8220;119583&#8243;]<span style=\"color: #f6b333; font-weight: bold;\">Passuello GmbH<\/span><br \/>\n<strong><span style=\"color: #06416a;\">Zum Hohen Kreuz, 9<br \/>\n39030 Percha (BZ)<br \/>\nTel. +39 0474 40 11 85<\/span><\/strong>[\/vc_column_text][\/vc_column][vc_column width=&#8220;1\/4&#8243;][\/vc_column][\/vc_row]<\/p>\n<\/div>","protected":false},"excerpt":{"rendered":"<p>[vc_row row_height_percent=&#8220;0&#8243; override_padding=&#8220;yes&#8220; h_padding=&#8220;2&#8243; top_padding=&#8220;2&#8243; bottom_padding=&#8220;0&#8243; back_color=&#8220;accent&#8220; overlay_alpha=&#8220;50&#8243; gutter_size=&#8220;3&#8243; column_width_percent=&#8220;100&#8243; shift_y=&#8220;0&#8243; z_index=&#8220;0&#8243;][vc_column column_width_use_pixel=&#8220;yes&#8220; align_horizontal=&#8220;align_center&#8220; gutter_size=&#8220;3&#8243; style=&#8220;light&#8220; overlay_alpha=&#8220;50&#8243; shift_x=&#8220;0&#8243; shift_y=&#8220;0&#8243; shift_y_down=&#8220;0&#8243; [&hellip;]<\/p>\n","protected":false},"author":1,"featured_media":0,"parent":0,"menu_order":0,"comment_status":"closed","ping_status":"closed","template":"","meta":{"footnotes":""},"class_list":["post-90152","page","type-page","status-publish","hentry"],"yoast_head":"<!-- This site is optimized with the Yoast SEO plugin v27.3 - https:\/\/yoast.com\/product\/yoast-seo-wordpress\/ -->\n<title>Kontakte - Passuello GmbH \u2013 Wir bevorzugen das pers\u00f6nliche Gespr\u00e4ch.<\/title>\n<meta name=\"description\" content=\"Passuello GmbH \u2013 Treten Sie mit uns in Kontakt, kein Callcenter. Sie haben ein Anliegen? Unsere Berater helfen Ihnen gerne weiter\" \/>\n<meta name=\"robots\" content=\"index, follow, max-snippet:-1, max-image-preview:large, max-video-preview:-1\" \/>\n<link rel=\"canonical\" href=\"https:\/\/www.passuellofratelli.it\/de\/kontakt\/\" \/>\n<meta property=\"og:locale\" content=\"de_DE\" \/>\n<meta property=\"og:type\" content=\"article\" \/>\n<meta property=\"og:title\" content=\"Kontakt - Passuello Fratelli Crediamo nel rapporto diretto.\" \/>\n<meta property=\"og:description\" content=\"Passuello Fratelli - La nostra pagina contatti, senza call center, se invierai una mail o chiamerai, troverai persone ad accoglierti.\" \/>\n<meta property=\"og:url\" content=\"https:\/\/www.passuellofratelli.it\/de\/kontakt\/\" \/>\n<meta property=\"og:site_name\" content=\"Passuello Fratelli\" \/>\n<meta property=\"article:publisher\" content=\"https:\/\/www.facebook.com\/PassuelloFratelli\/\" \/>\n<meta property=\"article:modified_time\" content=\"2026-02-02T14:14:38+00:00\" \/>\n<meta property=\"og:image\" content=\"https:\/\/www.passuellofratelli.it\/wp-content\/uploads\/2021\/04\/cambio-gestore.jpg\" \/>\n\t<meta property=\"og:image:width\" content=\"800\" \/>\n\t<meta property=\"og:image:height\" content=\"572\" \/>\n\t<meta property=\"og:image:type\" content=\"image\/jpeg\" \/>\n<meta name=\"twitter:card\" content=\"summary_large_image\" \/>\n<meta name=\"twitter:label1\" content=\"Gesch\u00e4tzte Lesezeit\" \/>\n\t<meta name=\"twitter:data1\" content=\"2\u00a0Minuten\" \/>\n<script type=\"application\/ld+json\" class=\"yoast-schema-graph\">{\"@context\":\"https:\\\/\\\/schema.org\",\"@graph\":[{\"@type\":\"WebPage\",\"@id\":\"https:\\\/\\\/www.passuellofratelli.it\\\/de\\\/kontakt\\\/\",\"url\":\"https:\\\/\\\/www.passuellofratelli.it\\\/de\\\/kontakt\\\/\",\"name\":\"Kontakte - Passuello GmbH \u2013 Wir bevorzugen das pers\u00f6nliche Gespr\u00e4ch.\",\"isPartOf\":{\"@id\":\"https:\\\/\\\/www.passuellofratelli.it\\\/de\\\/#website\"},\"datePublished\":\"2021-03-31T12:50:02+00:00\",\"dateModified\":\"2026-02-02T14:14:38+00:00\",\"description\":\"Passuello GmbH \u2013 Treten Sie mit uns in Kontakt, kein Callcenter. Sie haben ein Anliegen? Unsere Berater helfen Ihnen gerne weiter\",\"breadcrumb\":{\"@id\":\"https:\\\/\\\/www.passuellofratelli.it\\\/de\\\/kontakt\\\/#breadcrumb\"},\"inLanguage\":\"de\",\"potentialAction\":[{\"@type\":\"ReadAction\",\"target\":[\"https:\\\/\\\/www.passuellofratelli.it\\\/de\\\/kontakt\\\/\"]}]},{\"@type\":\"BreadcrumbList\",\"@id\":\"https:\\\/\\\/www.passuellofratelli.it\\\/de\\\/kontakt\\\/#breadcrumb\",\"itemListElement\":[{\"@type\":\"ListItem\",\"position\":1,\"name\":\"Home\",\"item\":\"https:\\\/\\\/www.passuellofratelli.it\\\/de\\\/\"},{\"@type\":\"ListItem\",\"position\":2,\"name\":\"Kontakt\"}]},{\"@type\":\"WebSite\",\"@id\":\"https:\\\/\\\/www.passuellofratelli.it\\\/de\\\/#website\",\"url\":\"https:\\\/\\\/www.passuellofratelli.it\\\/de\\\/\",\"name\":\"Passuello Fratelli\",\"description\":\"Prodotti energetici\",\"publisher\":{\"@id\":\"https:\\\/\\\/www.passuellofratelli.it\\\/de\\\/#organization\"},\"potentialAction\":[{\"@type\":\"SearchAction\",\"target\":{\"@type\":\"EntryPoint\",\"urlTemplate\":\"https:\\\/\\\/www.passuellofratelli.it\\\/de\\\/?s={search_term_string}\"},\"query-input\":{\"@type\":\"PropertyValueSpecification\",\"valueRequired\":true,\"valueName\":\"search_term_string\"}}],\"inLanguage\":\"de\"},{\"@type\":\"Organization\",\"@id\":\"https:\\\/\\\/www.passuellofratelli.it\\\/de\\\/#organization\",\"name\":\"Passuello Fratelli\",\"url\":\"https:\\\/\\\/www.passuellofratelli.it\\\/de\\\/\",\"logo\":{\"@type\":\"ImageObject\",\"inLanguage\":\"de\",\"@id\":\"https:\\\/\\\/www.passuellofratelli.it\\\/de\\\/#\\\/schema\\\/logo\\\/image\\\/\",\"url\":\"https:\\\/\\\/www.passuellofratelli.it\\\/wp-content\\\/uploads\\\/2021\\\/04\\\/logo_scuro_righe-bianche.svg\",\"contentUrl\":\"https:\\\/\\\/www.passuellofratelli.it\\\/wp-content\\\/uploads\\\/2021\\\/04\\\/logo_scuro_righe-bianche.svg\",\"width\":276,\"height\":2756,\"caption\":\"Passuello Fratelli\"},\"image\":{\"@id\":\"https:\\\/\\\/www.passuellofratelli.it\\\/de\\\/#\\\/schema\\\/logo\\\/image\\\/\"},\"sameAs\":[\"https:\\\/\\\/www.facebook.com\\\/PassuelloFratelli\\\/\",\"https:\\\/\\\/www.instagram.com\\\/passuello_fratelli\\\/\"]}]}<\/script>\n<!-- \/ Yoast SEO plugin. -->","yoast_head_json":{"title":"Kontakte - Passuello GmbH \u2013 Wir bevorzugen das pers\u00f6nliche Gespr\u00e4ch.","description":"Passuello GmbH \u2013 Treten Sie mit uns in Kontakt, kein Callcenter. Sie haben ein Anliegen? Unsere Berater helfen Ihnen gerne weiter","robots":{"index":"index","follow":"follow","max-snippet":"max-snippet:-1","max-image-preview":"max-image-preview:large","max-video-preview":"max-video-preview:-1"},"canonical":"https:\/\/www.passuellofratelli.it\/de\/kontakt\/","og_locale":"de_DE","og_type":"article","og_title":"Kontakt - Passuello Fratelli Crediamo nel rapporto diretto.","og_description":"Passuello Fratelli - La nostra pagina contatti, senza call center, se invierai una mail o chiamerai, troverai persone ad accoglierti.","og_url":"https:\/\/www.passuellofratelli.it\/de\/kontakt\/","og_site_name":"Passuello Fratelli","article_publisher":"https:\/\/www.facebook.com\/PassuelloFratelli\/","article_modified_time":"2026-02-02T14:14:38+00:00","og_image":[{"width":800,"height":572,"url":"https:\/\/www.passuellofratelli.it\/wp-content\/uploads\/2021\/04\/cambio-gestore.jpg","type":"image\/jpeg"}],"twitter_card":"summary_large_image","twitter_misc":{"Gesch\u00e4tzte Lesezeit":"2\u00a0Minuten"},"schema":{"@context":"https:\/\/schema.org","@graph":[{"@type":"WebPage","@id":"https:\/\/www.passuellofratelli.it\/de\/kontakt\/","url":"https:\/\/www.passuellofratelli.it\/de\/kontakt\/","name":"Kontakte - Passuello GmbH \u2013 Wir bevorzugen das pers\u00f6nliche Gespr\u00e4ch.","isPartOf":{"@id":"https:\/\/www.passuellofratelli.it\/de\/#website"},"datePublished":"2021-03-31T12:50:02+00:00","dateModified":"2026-02-02T14:14:38+00:00","description":"Passuello GmbH \u2013 Treten Sie mit uns in Kontakt, kein Callcenter. Sie haben ein Anliegen? Unsere Berater helfen Ihnen gerne weiter","breadcrumb":{"@id":"https:\/\/www.passuellofratelli.it\/de\/kontakt\/#breadcrumb"},"inLanguage":"de","potentialAction":[{"@type":"ReadAction","target":["https:\/\/www.passuellofratelli.it\/de\/kontakt\/"]}]},{"@type":"BreadcrumbList","@id":"https:\/\/www.passuellofratelli.it\/de\/kontakt\/#breadcrumb","itemListElement":[{"@type":"ListItem","position":1,"name":"Home","item":"https:\/\/www.passuellofratelli.it\/de\/"},{"@type":"ListItem","position":2,"name":"Kontakt"}]},{"@type":"WebSite","@id":"https:\/\/www.passuellofratelli.it\/de\/#website","url":"https:\/\/www.passuellofratelli.it\/de\/","name":"Passuello Fratelli","description":"Prodotti energetici","publisher":{"@id":"https:\/\/www.passuellofratelli.it\/de\/#organization"},"potentialAction":[{"@type":"SearchAction","target":{"@type":"EntryPoint","urlTemplate":"https:\/\/www.passuellofratelli.it\/de\/?s={search_term_string}"},"query-input":{"@type":"PropertyValueSpecification","valueRequired":true,"valueName":"search_term_string"}}],"inLanguage":"de"},{"@type":"Organization","@id":"https:\/\/www.passuellofratelli.it\/de\/#organization","name":"Passuello Fratelli","url":"https:\/\/www.passuellofratelli.it\/de\/","logo":{"@type":"ImageObject","inLanguage":"de","@id":"https:\/\/www.passuellofratelli.it\/de\/#\/schema\/logo\/image\/","url":"https:\/\/www.passuellofratelli.it\/wp-content\/uploads\/2021\/04\/logo_scuro_righe-bianche.svg","contentUrl":"https:\/\/www.passuellofratelli.it\/wp-content\/uploads\/2021\/04\/logo_scuro_righe-bianche.svg","width":276,"height":2756,"caption":"Passuello Fratelli"},"image":{"@id":"https:\/\/www.passuellofratelli.it\/de\/#\/schema\/logo\/image\/"},"sameAs":["https:\/\/www.facebook.com\/PassuelloFratelli\/","https:\/\/www.instagram.com\/passuello_fratelli\/"]}]}},"_links":{"self":[{"href":"https:\/\/www.passuellofratelli.it\/de\/wp-json\/wp\/v2\/pages\/90152","targetHints":{"allow":["GET"]}}],"collection":[{"href":"https:\/\/www.passuellofratelli.it\/de\/wp-json\/wp\/v2\/pages"}],"about":[{"href":"https:\/\/www.passuellofratelli.it\/de\/wp-json\/wp\/v2\/types\/page"}],"author":[{"embeddable":true,"href":"https:\/\/www.passuellofratelli.it\/de\/wp-json\/wp\/v2\/users\/1"}],"replies":[{"embeddable":true,"href":"https:\/\/www.passuellofratelli.it\/de\/wp-json\/wp\/v2\/comments?post=90152"}],"version-history":[{"count":80,"href":"https:\/\/www.passuellofratelli.it\/de\/wp-json\/wp\/v2\/pages\/90152\/revisions"}],"predecessor-version":[{"id":93785,"href":"https:\/\/www.passuellofratelli.it\/de\/wp-json\/wp\/v2\/pages\/90152\/revisions\/93785"}],"wp:attachment":[{"href":"https:\/\/www.passuellofratelli.it\/de\/wp-json\/wp\/v2\/media?parent=90152"}],"curies":[{"name":"wp","href":"https:\/\/api.w.org\/{rel}","templated":true}]}}