{"id":90113,"date":"2021-04-01T12:14:01","date_gmt":"2021-04-01T12:14:01","guid":{"rendered":"https:\/\/www.passuellofratelli.it\/termini-e-condizioni\/"},"modified":"2026-02-02T14:05:01","modified_gmt":"2026-02-02T14:05:01","slug":"allgemeine-geschaeftsbedingungen","status":"publish","type":"page","link":"https:\/\/www.passuellofratelli.it\/de\/allgemeine-geschaeftsbedingungen\/","title":{"rendered":"Allgemeine Gesch\u00e4ftsbedingungen"},"content":{"rendered":"<div class=\"wpb-content-wrapper\"><p>[vc_row row_height_percent=&#8220;0&#8243; override_padding=&#8220;yes&#8220; h_padding=&#8220;2&#8243; top_padding=&#8220;2&#8243; bottom_padding=&#8220;0&#8243; overlay_alpha=&#8220;50&#8243; gutter_size=&#8220;3&#8243; column_width_percent=&#8220;100&#8243; shift_y=&#8220;0&#8243; z_index=&#8220;0&#8243;][vc_column column_width_percent=&#8220;100&#8243; align_horizontal=&#8220;align_center&#8220; gutter_size=&#8220;3&#8243; overlay_alpha=&#8220;50&#8243; shift_x=&#8220;0&#8243; shift_y=&#8220;0&#8243; shift_y_down=&#8220;0&#8243; z_index=&#8220;0&#8243; medium_width=&#8220;0&#8243; mobile_width=&#8220;0&#8243; width=&#8220;1\/1&#8243;][vc_empty_space empty_h=&#8220;2&#8243;][vc_custom_heading heading_semantic=&#8220;h1&#8243; text_space=&#8220;fontspace-781688&#8243; separator=&#8220;yes&#8220; separator_color=&#8220;yes&#8220; sub_reduced=&#8220;yes&#8220; uncode_shortcode_id=&#8220;189524&#8243;]<\/p>\n<h2 style=\"text-align: center;\"><span class=\"font-205704\"><span style=\"color: #f6b333; font-weight: bold;\">Passuello<\/span> <span style=\"color: #06416a; font-weight: 500;\">| Allgemeine Gesch\u00e4ftsbedingungen<\/span><\/span><\/h2>\n<p>[\/vc_custom_heading][\/vc_column][\/vc_row][vc_row row_height_percent=&#8220;0&#8243; override_padding=&#8220;yes&#8220; h_padding=&#8220;4&#8243; top_padding=&#8220;3&#8243; bottom_padding=&#8220;3&#8243; overlay_alpha=&#8220;50&#8243; equal_height=&#8220;yes&#8220; gutter_size=&#8220;4&#8243; column_width_percent=&#8220;100&#8243; shift_y=&#8220;0&#8243; z_index=&#8220;0&#8243;][vc_column column_width_percent=&#8220;100&#8243; gutter_size=&#8220;3&#8243; overlay_alpha=&#8220;50&#8243; shift_x=&#8220;0&#8243; shift_y=&#8220;0&#8243; shift_y_down=&#8220;0&#8243; z_index=&#8220;0&#8243; medium_width=&#8220;0&#8243; mobile_width=&#8220;0&#8243; width=&#8220;1\/1&#8243;][vc_column_text css_animation=&#8220;top-t-bottom&#8220; animation_speed=&#8220;400&#8243; uncode_shortcode_id=&#8220;916770&#8243;]<\/p>\n<ul>\n<li><strong>Inhalte dieser Website<\/strong><br \/>\nDer Aufbau dieser Website, die Bilder auf ihren Seiten sowie die Elemente auf den Seiten selbst (z. B. Texte, statische Bilder, Animationen, T\u00f6ne, Videos) sind Eigentum der <strong>Passuello Fratelli srl<\/strong> und d\u00fcrfen ohne die schriftliche Genehmigung dieses Unternehmens (sowohl vollst\u00e4ndig als auch auszugsweise) weder vervielf\u00e4ltigt noch \u00fcbermittelt werden. Die obige Einschr\u00e4nkung gilt auch f\u00fcr die Beschreibung der Seiten der Webseite im HTML-Format.<\/li>\n<\/ul>\n<p>[\/vc_column_text][vc_column_text css_animation=&#8220;top-t-bottom&#8220; animation_delay=&#8220;800&#8243; uncode_shortcode_id=&#8220;172500&#8243;]<\/p>\n<ul>\n<li><strong>Dokumente auf dieser Website<\/strong><br \/>\nDie auf dieser Website vorhandenen Dokumente, die hier heruntergeladen oder kopiert werden k\u00f6nnen, sind Eigentum der <strong>Passuello Fratelli srl<\/strong>. Diese Dokumente d\u00fcrfen ausschlie\u00dflich f\u00fcr den pers\u00f6nlichen Gebrauch eingesehen oder ausgedruckt werden und d\u00fcrfen ohne die schriftliche Genehmigung der <strong>Passuello Fratelli srl<\/strong> in keiner Weise (sowohl vollst\u00e4ndig als auch auszugsweise) f\u00fcr kommerzielle Zwecke vervielf\u00e4ltigt, ver\u00e4ndert, \u00fcbermittelt oder verwendet werden.<\/li>\n<\/ul>\n<p>[\/vc_column_text][vc_column_text css_animation=&#8220;top-t-bottom&#8220; animation_delay=&#8220;1200&#8243; uncode_shortcode_id=&#8220;193539&#8243;]<\/p>\n<ul>\n<li><strong>Links zu anderen Websites<\/strong><br \/>\nDiese Website kann Links zu anderen Websites enthalten, die wiederum auf andere Links verweisen k\u00f6nnen: Diese unterliegen nicht der Kontrolle von Passuello Fratelli srl, die somit in keiner Weise f\u00fcr deren Inhalt verantwortlich ist.<\/li>\n<\/ul>\n<p>[\/vc_column_text][vc_empty_space empty_h=&#8220;2&#8243;][\/vc_column][\/vc_row]<\/p>\n<\/div>","protected":false},"excerpt":{"rendered":"<p>[vc_row row_height_percent=&#8220;0&#8243; override_padding=&#8220;yes&#8220; h_padding=&#8220;2&#8243; top_padding=&#8220;2&#8243; bottom_padding=&#8220;0&#8243; overlay_alpha=&#8220;50&#8243; gutter_size=&#8220;3&#8243; column_width_percent=&#8220;100&#8243; shift_y=&#8220;0&#8243; z_index=&#8220;0&#8243;][vc_column column_width_percent=&#8220;100&#8243; align_horizontal=&#8220;align_center&#8220; gutter_size=&#8220;3&#8243; overlay_alpha=&#8220;50&#8243; shift_x=&#8220;0&#8243; shift_y=&#8220;0&#8243; shift_y_down=&#8220;0&#8243; z_index=&#8220;0&#8243; medium_width=&#8220;0&#8243; [&hellip;]<\/p>\n","protected":false},"author":1,"featured_media":0,"parent":0,"menu_order":0,"comment_status":"closed","ping_status":"closed","template":"","meta":{"footnotes":""},"class_list":["post-90113","page","type-page","status-publish","hentry"],"yoast_head":"<!-- This site is optimized with the Yoast SEO plugin v27.3 - https:\/\/yoast.com\/product\/yoast-seo-wordpress\/ -->\n<title>Allgemeine Gesch\u00e4ftsbedingungen - Passuello Fratelli<\/title>\n<meta name=\"robots\" content=\"index, follow, max-snippet:-1, max-image-preview:large, max-video-preview:-1\" \/>\n<link rel=\"canonical\" href=\"https:\/\/www.passuellofratelli.it\/de\/allgemeine-geschaeftsbedingungen\/\" \/>\n<meta property=\"og:locale\" content=\"de_DE\" \/>\n<meta property=\"og:type\" content=\"article\" \/>\n<meta property=\"og:title\" content=\"Allgemeine Gesch\u00e4ftsbedingungen - Passuello Fratelli\" \/>\n<meta property=\"og:description\" content=\"[vc_row row_height_percent=&#8220;0&#8243; override_padding=&#8220;yes&#8220; h_padding=&#8220;2&#8243; top_padding=&#8220;2&#8243; bottom_padding=&#8220;0&#8243; overlay_alpha=&#8220;50&#8243; gutter_size=&#8220;3&#8243; column_width_percent=&#8220;100&#8243; shift_y=&#8220;0&#8243; z_index=&#8220;0&#8243;][vc_column column_width_percent=&#8220;100&#8243; align_horizontal=&#8220;align_center&#8220; gutter_size=&#8220;3&#8243; overlay_alpha=&#8220;50&#8243; shift_x=&#8220;0&#8243; shift_y=&#8220;0&#8243; shift_y_down=&#8220;0&#8243; z_index=&#8220;0&#8243; medium_width=&#8220;0&#8243; [&hellip;]\" \/>\n<meta property=\"og:url\" content=\"https:\/\/www.passuellofratelli.it\/de\/allgemeine-geschaeftsbedingungen\/\" \/>\n<meta property=\"og:site_name\" content=\"Passuello Fratelli\" \/>\n<meta property=\"article:publisher\" content=\"https:\/\/www.facebook.com\/PassuelloFratelli\/\" \/>\n<meta property=\"article:modified_time\" content=\"2026-02-02T14:05:01+00:00\" \/>\n<meta property=\"og:image\" content=\"https:\/\/www.passuellofratelli.it\/wp-content\/uploads\/2021\/03\/Slider-Home-01.jpg\" \/>\n\t<meta property=\"og:image:width\" content=\"1920\" \/>\n\t<meta property=\"og:image:height\" content=\"1081\" \/>\n\t<meta property=\"og:image:type\" content=\"image\/jpeg\" \/>\n<meta name=\"twitter:card\" content=\"summary_large_image\" \/>\n<meta name=\"twitter:label1\" content=\"Gesch\u00e4tzte Lesezeit\" \/>\n\t<meta name=\"twitter:data1\" content=\"2\u00a0Minuten\" \/>\n<script type=\"application\/ld+json\" class=\"yoast-schema-graph\">{\"@context\":\"https:\\\/\\\/schema.org\",\"@graph\":[{\"@type\":\"WebPage\",\"@id\":\"https:\\\/\\\/www.passuellofratelli.it\\\/de\\\/allgemeine-geschaeftsbedingungen\\\/\",\"url\":\"https:\\\/\\\/www.passuellofratelli.it\\\/de\\\/allgemeine-geschaeftsbedingungen\\\/\",\"name\":\"Allgemeine Gesch\u00e4ftsbedingungen - Passuello Fratelli\",\"isPartOf\":{\"@id\":\"https:\\\/\\\/www.passuellofratelli.it\\\/de\\\/#website\"},\"datePublished\":\"2021-04-01T12:14:01+00:00\",\"dateModified\":\"2026-02-02T14:05:01+00:00\",\"breadcrumb\":{\"@id\":\"https:\\\/\\\/www.passuellofratelli.it\\\/de\\\/allgemeine-geschaeftsbedingungen\\\/#breadcrumb\"},\"inLanguage\":\"de\",\"potentialAction\":[{\"@type\":\"ReadAction\",\"target\":[\"https:\\\/\\\/www.passuellofratelli.it\\\/de\\\/allgemeine-geschaeftsbedingungen\\\/\"]}]},{\"@type\":\"BreadcrumbList\",\"@id\":\"https:\\\/\\\/www.passuellofratelli.it\\\/de\\\/allgemeine-geschaeftsbedingungen\\\/#breadcrumb\",\"itemListElement\":[{\"@type\":\"ListItem\",\"position\":1,\"name\":\"Home\",\"item\":\"https:\\\/\\\/www.passuellofratelli.it\\\/de\\\/\"},{\"@type\":\"ListItem\",\"position\":2,\"name\":\"Allgemeine Gesch\u00e4ftsbedingungen\"}]},{\"@type\":\"WebSite\",\"@id\":\"https:\\\/\\\/www.passuellofratelli.it\\\/de\\\/#website\",\"url\":\"https:\\\/\\\/www.passuellofratelli.it\\\/de\\\/\",\"name\":\"Passuello Fratelli\",\"description\":\"Prodotti energetici\",\"publisher\":{\"@id\":\"https:\\\/\\\/www.passuellofratelli.it\\\/de\\\/#organization\"},\"potentialAction\":[{\"@type\":\"SearchAction\",\"target\":{\"@type\":\"EntryPoint\",\"urlTemplate\":\"https:\\\/\\\/www.passuellofratelli.it\\\/de\\\/?s={search_term_string}\"},\"query-input\":{\"@type\":\"PropertyValueSpecification\",\"valueRequired\":true,\"valueName\":\"search_term_string\"}}],\"inLanguage\":\"de\"},{\"@type\":\"Organization\",\"@id\":\"https:\\\/\\\/www.passuellofratelli.it\\\/de\\\/#organization\",\"name\":\"Passuello Fratelli\",\"url\":\"https:\\\/\\\/www.passuellofratelli.it\\\/de\\\/\",\"logo\":{\"@type\":\"ImageObject\",\"inLanguage\":\"de\",\"@id\":\"https:\\\/\\\/www.passuellofratelli.it\\\/de\\\/#\\\/schema\\\/logo\\\/image\\\/\",\"url\":\"https:\\\/\\\/www.passuellofratelli.it\\\/wp-content\\\/uploads\\\/2021\\\/04\\\/logo_scuro_righe-bianche.svg\",\"contentUrl\":\"https:\\\/\\\/www.passuellofratelli.it\\\/wp-content\\\/uploads\\\/2021\\\/04\\\/logo_scuro_righe-bianche.svg\",\"width\":276,\"height\":2756,\"caption\":\"Passuello Fratelli\"},\"image\":{\"@id\":\"https:\\\/\\\/www.passuellofratelli.it\\\/de\\\/#\\\/schema\\\/logo\\\/image\\\/\"},\"sameAs\":[\"https:\\\/\\\/www.facebook.com\\\/PassuelloFratelli\\\/\",\"https:\\\/\\\/www.instagram.com\\\/passuello_fratelli\\\/\"]}]}<\/script>\n<!-- \/ Yoast SEO plugin. -->","yoast_head_json":{"title":"Allgemeine Gesch\u00e4ftsbedingungen - Passuello Fratelli","robots":{"index":"index","follow":"follow","max-snippet":"max-snippet:-1","max-image-preview":"max-image-preview:large","max-video-preview":"max-video-preview:-1"},"canonical":"https:\/\/www.passuellofratelli.it\/de\/allgemeine-geschaeftsbedingungen\/","og_locale":"de_DE","og_type":"article","og_title":"Allgemeine Gesch\u00e4ftsbedingungen - Passuello Fratelli","og_description":"[vc_row row_height_percent=&#8220;0&#8243; override_padding=&#8220;yes&#8220; h_padding=&#8220;2&#8243; top_padding=&#8220;2&#8243; bottom_padding=&#8220;0&#8243; overlay_alpha=&#8220;50&#8243; gutter_size=&#8220;3&#8243; column_width_percent=&#8220;100&#8243; shift_y=&#8220;0&#8243; z_index=&#8220;0&#8243;][vc_column column_width_percent=&#8220;100&#8243; align_horizontal=&#8220;align_center&#8220; gutter_size=&#8220;3&#8243; overlay_alpha=&#8220;50&#8243; shift_x=&#8220;0&#8243; shift_y=&#8220;0&#8243; shift_y_down=&#8220;0&#8243; z_index=&#8220;0&#8243; medium_width=&#8220;0&#8243; [&hellip;]","og_url":"https:\/\/www.passuellofratelli.it\/de\/allgemeine-geschaeftsbedingungen\/","og_site_name":"Passuello Fratelli","article_publisher":"https:\/\/www.facebook.com\/PassuelloFratelli\/","article_modified_time":"2026-02-02T14:05:01+00:00","og_image":[{"width":1920,"height":1081,"url":"https:\/\/www.passuellofratelli.it\/wp-content\/uploads\/2021\/03\/Slider-Home-01.jpg","type":"image\/jpeg"}],"twitter_card":"summary_large_image","twitter_misc":{"Gesch\u00e4tzte Lesezeit":"2\u00a0Minuten"},"schema":{"@context":"https:\/\/schema.org","@graph":[{"@type":"WebPage","@id":"https:\/\/www.passuellofratelli.it\/de\/allgemeine-geschaeftsbedingungen\/","url":"https:\/\/www.passuellofratelli.it\/de\/allgemeine-geschaeftsbedingungen\/","name":"Allgemeine Gesch\u00e4ftsbedingungen - Passuello Fratelli","isPartOf":{"@id":"https:\/\/www.passuellofratelli.it\/de\/#website"},"datePublished":"2021-04-01T12:14:01+00:00","dateModified":"2026-02-02T14:05:01+00:00","breadcrumb":{"@id":"https:\/\/www.passuellofratelli.it\/de\/allgemeine-geschaeftsbedingungen\/#breadcrumb"},"inLanguage":"de","potentialAction":[{"@type":"ReadAction","target":["https:\/\/www.passuellofratelli.it\/de\/allgemeine-geschaeftsbedingungen\/"]}]},{"@type":"BreadcrumbList","@id":"https:\/\/www.passuellofratelli.it\/de\/allgemeine-geschaeftsbedingungen\/#breadcrumb","itemListElement":[{"@type":"ListItem","position":1,"name":"Home","item":"https:\/\/www.passuellofratelli.it\/de\/"},{"@type":"ListItem","position":2,"name":"Allgemeine Gesch\u00e4ftsbedingungen"}]},{"@type":"WebSite","@id":"https:\/\/www.passuellofratelli.it\/de\/#website","url":"https:\/\/www.passuellofratelli.it\/de\/","name":"Passuello Fratelli","description":"Prodotti energetici","publisher":{"@id":"https:\/\/www.passuellofratelli.it\/de\/#organization"},"potentialAction":[{"@type":"SearchAction","target":{"@type":"EntryPoint","urlTemplate":"https:\/\/www.passuellofratelli.it\/de\/?s={search_term_string}"},"query-input":{"@type":"PropertyValueSpecification","valueRequired":true,"valueName":"search_term_string"}}],"inLanguage":"de"},{"@type":"Organization","@id":"https:\/\/www.passuellofratelli.it\/de\/#organization","name":"Passuello Fratelli","url":"https:\/\/www.passuellofratelli.it\/de\/","logo":{"@type":"ImageObject","inLanguage":"de","@id":"https:\/\/www.passuellofratelli.it\/de\/#\/schema\/logo\/image\/","url":"https:\/\/www.passuellofratelli.it\/wp-content\/uploads\/2021\/04\/logo_scuro_righe-bianche.svg","contentUrl":"https:\/\/www.passuellofratelli.it\/wp-content\/uploads\/2021\/04\/logo_scuro_righe-bianche.svg","width":276,"height":2756,"caption":"Passuello Fratelli"},"image":{"@id":"https:\/\/www.passuellofratelli.it\/de\/#\/schema\/logo\/image\/"},"sameAs":["https:\/\/www.facebook.com\/PassuelloFratelli\/","https:\/\/www.instagram.com\/passuello_fratelli\/"]}]}},"_links":{"self":[{"href":"https:\/\/www.passuellofratelli.it\/de\/wp-json\/wp\/v2\/pages\/90113","targetHints":{"allow":["GET"]}}],"collection":[{"href":"https:\/\/www.passuellofratelli.it\/de\/wp-json\/wp\/v2\/pages"}],"about":[{"href":"https:\/\/www.passuellofratelli.it\/de\/wp-json\/wp\/v2\/types\/page"}],"author":[{"embeddable":true,"href":"https:\/\/www.passuellofratelli.it\/de\/wp-json\/wp\/v2\/users\/1"}],"replies":[{"embeddable":true,"href":"https:\/\/www.passuellofratelli.it\/de\/wp-json\/wp\/v2\/comments?post=90113"}],"version-history":[{"count":4,"href":"https:\/\/www.passuellofratelli.it\/de\/wp-json\/wp\/v2\/pages\/90113\/revisions"}],"predecessor-version":[{"id":90466,"href":"https:\/\/www.passuellofratelli.it\/de\/wp-json\/wp\/v2\/pages\/90113\/revisions\/90466"}],"wp:attachment":[{"href":"https:\/\/www.passuellofratelli.it\/de\/wp-json\/wp\/v2\/media?parent=90113"}],"curies":[{"name":"wp","href":"https:\/\/api.w.org\/{rel}","templated":true}]}}