{"id":90063,"date":"2021-03-30T11:57:33","date_gmt":"2021-03-30T11:57:33","guid":{"rendered":"https:\/\/www.passuellofratelli.it\/combustibili\/"},"modified":"2026-02-02T14:05:27","modified_gmt":"2026-02-02T14:05:27","slug":"brennstoffe","status":"publish","type":"page","link":"https:\/\/www.passuellofratelli.it\/de\/brennstoffe\/","title":{"rendered":"Brennstoffe"},"content":{"rendered":"<div class=\"wpb-content-wrapper\"><p>[vc_row row_height_percent=&#8220;0&#8243; override_padding=&#8220;yes&#8220; h_padding=&#8220;2&#8243; top_padding=&#8220;3&#8243; bottom_padding=&#8220;0&#8243; back_color=&#8220;accent&#8220; overlay_alpha=&#8220;50&#8243; gutter_size=&#8220;3&#8243; column_width_percent=&#8220;100&#8243; shift_y=&#8220;0&#8243; z_index=&#8220;0&#8243; uncode_shortcode_id=&#8220;203740&#8243; back_color_type=&#8220;uncode-palette&#8220;][vc_column column_width_use_pixel=&#8220;yes&#8220; align_horizontal=&#8220;align_center&#8220; gutter_size=&#8220;3&#8243; style=&#8220;light&#8220; overlay_alpha=&#8220;50&#8243; shift_x=&#8220;0&#8243; shift_y=&#8220;0&#8243; shift_y_down=&#8220;0&#8243; z_index=&#8220;0&#8243; medium_width=&#8220;0&#8243; mobile_width=&#8220;0&#8243; width=&#8220;1\/1&#8243; column_width_pixel=&#8220;1100&#8243;][vc_custom_heading text_color=&#8220;color-xsdn&#8220; heading_semantic=&#8220;h3&#8243; text_space=&#8220;fontspace-781688&#8243; sub_reduced=&#8220;yes&#8220; uncode_shortcode_id=&#8220;657390&#8243; text_color_type=&#8220;uncode-palette&#8220;]<span class=\"font-205704\"><span style=\"color: #06416a; font-weight: 500;\">Wir sch\u00e4tzen<\/span> <span style=\"color: #ffffff; font-weight: 800;\"> den pers\u00f6nlichen Kontakt<\/span><\/span>[\/vc_custom_heading][vc_column_text text_lead=&#8220;yes&#8220; css=&#8220;.vc_custom_1718621073367{margin-top: 15px !important;}&#8220; uncode_shortcode_id=&#8220;112871&#8243;]<\/p>\n<p style=\"text-align: center;\"><span style=\"color: #ffffff;\">Unsere Verkaufsberater freuen sich jederzeit u\u0308ber ein pers\u00f6nliches Gespr\u00e4ch mit dir. Nimm hier Kontakt mit uns auf.<\/span><\/p>\n<p>[\/vc_column_text][\/vc_column][\/vc_row][vc_row row_height_percent=&#8220;0&#8243; override_padding=&#8220;yes&#8220; h_padding=&#8220;0&#8243; top_padding=&#8220;0&#8243; bottom_padding=&#8220;0&#8243; back_image=&#8220;88242&#8243; back_position=&#8220;center center&#8220; overlay_alpha=&#8220;50&#8243; gutter_size=&#8220;4&#8243; column_width_percent=&#8220;100&#8243; shift_y=&#8220;0&#8243; shift_y_fixed=&#8220;yes&#8220; z_index=&#8220;0&#8243; row_height_pixel=&#8220;150px&#8220;][vc_column column_width_percent=&#8220;100&#8243; position_vertical=&#8220;middle&#8220; align_horizontal=&#8220;align_center&#8220; gutter_size=&#8220;6&#8243; override_padding=&#8220;yes&#8220; column_padding=&#8220;1&#8243; expand_height=&#8220;yes&#8220; style=&#8220;light&#8220; overlay_alpha=&#8220;50&#8243; shift_x=&#8220;0&#8243; shift_y=&#8220;5&#8243; shift_y_down=&#8220;0&#8243; z_index=&#8220;0&#8243; medium_width=&#8220;0&#8243; align_mobile=&#8220;align_center_mobile&#8220; mobile_width=&#8220;0&#8243; width=&#8220;1\/1&#8243; uncode_shortcode_id=&#8220;182293&#8243;][vc_button button_color=&#8220;color-786529&#8243; radius=&#8220;btn-circle&#8220; border_animation=&#8220;btn-ripple-out&#8220; hover_fx=&#8220;full-colored&#8220; custom_typo=&#8220;yes&#8220; font_family=&#8220;font-100472&#8243; font_weight=&#8220;700&#8243; text_transform=&#8220;uppercase&#8220; letter_spacing=&#8220;fontspace-210350&#8243; border_width=&#8220;0&#8243; link=&#8220;url:https%3A%2F%2Fwww.passuellofratelli.it%2Fde%2Fkontakt%2F|title:Contatti&#8220; button_color_type=&#8220;uncode-palette&#8220; uncode_shortcode_id=&#8220;778967&#8243;]Kontaktiere uns[\/vc_button][\/vc_column][\/vc_row][vc_row row_height_percent=&#8220;0&#8243; override_padding=&#8220;yes&#8220; h_padding=&#8220;2&#8243; top_padding=&#8220;2&#8243; bottom_padding=&#8220;0&#8243; overlay_alpha=&#8220;50&#8243; gutter_size=&#8220;3&#8243; column_width_percent=&#8220;100&#8243; shift_y=&#8220;0&#8243; z_index=&#8220;0&#8243;][vc_column column_width_percent=&#8220;100&#8243; align_horizontal=&#8220;align_center&#8220; gutter_size=&#8220;3&#8243; overlay_alpha=&#8220;50&#8243; shift_x=&#8220;0&#8243; shift_y=&#8220;0&#8243; shift_y_down=&#8220;0&#8243; z_index=&#8220;0&#8243; medium_width=&#8220;0&#8243; mobile_width=&#8220;0&#8243; width=&#8220;1\/1&#8243;][vc_custom_heading heading_semantic=&#8220;h1&#8243; text_space=&#8220;fontspace-781688&#8243; separator_color=&#8220;yes&#8220; separator=&#8220;yes&#8220; sub_reduced=&#8220;yes&#8220; uncode_shortcode_id=&#8220;186011&#8243;]<span class=\"font-205704\"><span style=\"color: #f6b333; font-weight: bold;\">Passuello<\/span> <span style=\"color: #06416a; font-weight: 500;\">| Brennstoffe<\/span><\/span>[\/vc_custom_heading][\/vc_column][\/vc_row][vc_row row_height_percent=&#8220;0&#8243; override_padding=&#8220;yes&#8220; h_padding=&#8220;4&#8243; top_padding=&#8220;3&#8243; bottom_padding=&#8220;0&#8243; overlay_alpha=&#8220;50&#8243; equal_height=&#8220;yes&#8220; gutter_size=&#8220;4&#8243; column_width_percent=&#8220;100&#8243; shift_y=&#8220;0&#8243; z_index=&#8220;0&#8243;][vc_column column_width_percent=&#8220;100&#8243; align_horizontal=&#8220;align_center&#8220; gutter_size=&#8220;3&#8243; overlay_alpha=&#8220;50&#8243; shift_x=&#8220;0&#8243; shift_y=&#8220;0&#8243; shift_y_down=&#8220;0&#8243; z_index=&#8220;0&#8243; medium_width=&#8220;0&#8243; mobile_width=&#8220;0&#8243; css_animation=&#8220;top-t-bottom&#8220; animation_speed=&#8220;1000&#8243; animation_delay=&#8220;400&#8243; width=&#8220;1\/1&#8243; uncode_shortcode_id=&#8220;803889&#8243;][vc_column_text text_lead=&#8220;yes&#8220; uncode_shortcode_id=&#8220;172526&#8243;]<\/p>\n<p style=\"text-align: center;\"><span class=\"font-100472\">Unsere Flotte mit erfahrenen und zuverl\u00e4ssigen Fahrern ist t\u00e4glich unterwegs, um S\u00fcdtirol, die Provinz Belluno und den n\u00f6rdlichen Teil der Provinz Udine mit Diesel\u00f6l zu beliefern.<\/span><\/p>\n<p>[\/vc_column_text][vc_empty_space][vc_custom_heading text_weight=&#8220;700&#8243; text_space=&#8220;fontspace-781688&#8243; sub_reduced=&#8220;yes&#8220; uncode_shortcode_id=&#8220;691292&#8243;]<span style=\"color: #06416a; font-weight: 500;\">Unsere Brennstoffe<\/span>[\/vc_custom_heading][\/vc_column][\/vc_row][vc_row row_height_percent=&#8220;0&#8243; override_padding=&#8220;yes&#8220; h_padding=&#8220;6&#8243; top_padding=&#8220;3&#8243; bottom_padding=&#8220;3&#8243; overlay_alpha=&#8220;50&#8243; equal_height=&#8220;yes&#8220; gutter_size=&#8220;3&#8243; column_width_percent=&#8220;100&#8243; shift_y=&#8220;0&#8243; z_index=&#8220;0&#8243; uncode_shortcode_id=&#8220;134330&#8243;][vc_column column_width_percent=&#8220;100&#8243; align_horizontal=&#8220;align_center&#8220; gutter_size=&#8220;3&#8243; overlay_alpha=&#8220;50&#8243; shift_x=&#8220;0&#8243; shift_y=&#8220;0&#8243; shift_y_down=&#8220;0&#8243; z_index=&#8220;0&#8243; medium_width=&#8220;0&#8243; mobile_width=&#8220;0&#8243; width=&#8220;1\/3&#8243; uncode_shortcode_id=&#8220;161537&#8243;][vc_single_image media=&#8220;92560&#8243; media_width_percent=&#8220;100&#8243; shadow=&#8220;yes&#8220; shadow_weight=&#8220;std&#8220; advanced=&#8220;yes&#8220; media_overlay_color=&#8220;color-786529&#8243; media_overlay_opacity=&#8220;12&#8243; media_image_anim=&#8220;no&#8220; media_padding=&#8220;2&#8243; css_animation=&#8220;top-t-bottom&#8220; animation_speed=&#8220;1000&#8243; animation_delay=&#8220;200&#8243; uncode_shortcode_id=&#8220;314701&#8243; media_link=&#8220;url:https%3A%2F%2Fwww.passuellofratelli.it%2Fde%2Fheizol%2F|title:Gasolio%20da%20riscaldamento&#8220; media_overlay_color_type=&#8220;uncode-palette&#8220;][\/vc_column][vc_column width=&#8220;1\/3&#8243;][vc_single_image media=&#8220;92558&#8243; media_width_percent=&#8220;100&#8243; shadow=&#8220;yes&#8220; shadow_weight=&#8220;std&#8220; advanced=&#8220;yes&#8220; media_overlay_color=&#8220;color-786529&#8243; media_overlay_opacity=&#8220;12&#8243; media_image_anim=&#8220;no&#8220; media_padding=&#8220;2&#8243; css_animation=&#8220;top-t-bottom&#8220; animation_speed=&#8220;1000&#8243; animation_delay=&#8220;300&#8243; uncode_shortcode_id=&#8220;704127&#8243; media_link=&#8220;url:https%3A%2F%2Fwww.passuellofratelli.it%2Fde%2Fdieselkraftstoff%2F|title:Autotrazione%20e%20GTL&#8220; media_overlay_color_type=&#8220;uncode-palette&#8220;][\/vc_column][vc_column width=&#8220;1\/3&#8243;][vc_single_image media=&#8220;92556&#8243; media_width_percent=&#8220;100&#8243; shadow=&#8220;yes&#8220; shadow_weight=&#8220;std&#8220; advanced=&#8220;yes&#8220; media_overlay_color=&#8220;color-786529&#8243; media_overlay_opacity=&#8220;12&#8243; media_image_anim=&#8220;no&#8220; media_padding=&#8220;2&#8243; css_animation=&#8220;top-t-bottom&#8220; animation_speed=&#8220;1000&#8243; animation_delay=&#8220;400&#8243; uncode_shortcode_id=&#8220;181218&#8243; media_link=&#8220;url:https%3A%2F%2Fwww.passuellofratelli.it%2Fde%2Fagrardiesel%2F|title:Gasolio%20agricolo&#8220; media_overlay_color_type=&#8220;uncode-palette&#8220;][\/vc_column][\/vc_row][vc_row unlock_row_content=&#8220;yes&#8220; row_height_percent=&#8220;45&#8243; override_padding=&#8220;yes&#8220; h_padding=&#8220;7&#8243; top_padding=&#8220;2&#8243; bottom_padding=&#8220;4&#8243; back_color=&#8220;color-xsdn&#8220; back_image=&#8220;89509&#8243; back_repeat=&#8220;no-repeat&#8220; back_position=&#8220;center bottom&#8220; overlay_alpha=&#8220;100&#8243; equal_height=&#8220;yes&#8220; gutter_size=&#8220;2&#8243; column_width_percent=&#8220;0&#8243; shift_y=&#8220;5&#8243; z_index=&#8220;10&#8243; style=&#8220;inherited&#8220; uncode_shortcode_id=&#8220;416324&#8243; back_color_type=&#8220;uncode-palette&#8220;][vc_column column_width_percent=&#8220;100&#8243; position_vertical=&#8220;middle&#8220; gutter_size=&#8220;1&#8243; override_padding=&#8220;yes&#8220; column_padding=&#8220;1&#8243; style=&#8220;dark&#8220; overlay_alpha=&#8220;50&#8243; shift_x=&#8220;0&#8243; shift_y=&#8220;0&#8243; shift_y_down=&#8220;0&#8243; z_index=&#8220;0&#8243; medium_width=&#8220;0&#8243; mobile_width=&#8220;0&#8243; zoom_width=&#8220;0&#8243; zoom_height=&#8220;0&#8243; width=&#8220;1\/3&#8243; uncode_shortcode_id=&#8220;942117&#8243;][\/vc_column][vc_column width=&#8220;1\/3&#8243;][\/vc_column][vc_column column_width_percent=&#8220;100&#8243; position_vertical=&#8220;middle&#8220; gutter_size=&#8220;3&#8243; override_padding=&#8220;yes&#8220; column_padding=&#8220;3&#8243; overlay_alpha=&#8220;50&#8243; shift_x=&#8220;0&#8243; shift_y=&#8220;0&#8243; shift_y_down=&#8220;0&#8243; z_index=&#8220;0&#8243; medium_width=&#8220;0&#8243; mobile_width=&#8220;0&#8243; width=&#8220;1\/3&#8243; uncode_shortcode_id=&#8220;525084&#8243;][vc_custom_heading text_size=&#8220;fontsize-327175&#8243; text_height=&#8220;fontheight-357766&#8243; uncode_shortcode_id=&#8220;634039&#8243;]<span style=\"color: #ffffff; font-weight: 400;\">Weniger zahlen und trotzdem<\/span><br \/>\n<span style=\"color: #f6b333; font-weight: 800;\"><strong>besser leben?<\/strong><\/span>[\/vc_custom_heading][vc_button button_color=&#8220;color-958619&#8243; size=&#8220;btn-lg&#8220; radius=&#8220;btn-circle&#8220; border_animation=&#8220;btn-ripple-out&#8220; hover_fx=&#8220;full-colored&#8220; text_skin=&#8220;yes&#8220; border_width=&#8220;0&#8243; link=&#8220;url:https%3A%2F%2Fwww.passuellofratelli.it%2Fde%2Ftipps%2F|title:Combustibili|&#8220; button_color_type=&#8220;uncode-palette&#8220; uncode_shortcode_id=&#8220;292829&#8243;]Zu unseren Tipps[\/vc_button][\/vc_column][\/vc_row][vc_row row_height_percent=&#8220;0&#8243; override_padding=&#8220;yes&#8220; h_padding=&#8220;2&#8243; top_padding=&#8220;3&#8243; bottom_padding=&#8220;3&#8243; back_color=&#8220;color-786529&#8243; overlay_alpha=&#8220;50&#8243; gutter_size=&#8220;3&#8243; column_width_percent=&#8220;100&#8243; shift_y=&#8220;0&#8243; z_index=&#8220;0&#8243; uncode_shortcode_id=&#8220;746176&#8243; back_color_type=&#8220;uncode-palette&#8220;][vc_column column_width_use_pixel=&#8220;yes&#8220; align_horizontal=&#8220;align_center&#8220; gutter_size=&#8220;3&#8243; overlay_alpha=&#8220;50&#8243; shift_x=&#8220;0&#8243; shift_y=&#8220;0&#8243; shift_y_down=&#8220;0&#8243; z_index=&#8220;0&#8243; medium_width=&#8220;0&#8243; mobile_width=&#8220;0&#8243; width=&#8220;1\/1&#8243; column_width_pixel=&#8220;1100&#8243;][vc_custom_heading text_color=&#8220;color-xsdn&#8220; heading_semantic=&#8220;h6&#8243; text_space=&#8220;fontspace-781688&#8243; sub_reduced=&#8220;yes&#8220; css_animation=&#8220;zoom-out&#8220; animation_speed=&#8220;1000&#8243; animation_delay=&#8220;200&#8243; uncode_shortcode_id=&#8220;168484&#8243; text_color_type=&#8220;uncode-palette&#8220;]<span class=\"font-205704\"><span style=\"color: #f6b333; font-weight: 800;\">M\u00f6chtest du<\/span> <span style=\"color: #ffffff; font-weight: 800;\"> unser Kunde werden?<\/span><\/span>[\/vc_custom_heading][vc_column_text text_lead=&#8220;yes&#8220; css=&#8220;.vc_custom_1674469833004{margin-top: 15px !important;}&#8220; uncode_shortcode_id=&#8220;899766&#8243;]<\/p>\n<p style=\"text-align: center;\"><span style=\"color: #ffffff;\">Kontaktiere uns fu\u0308r ein Angebot.<\/span><\/p>\n<p>[\/vc_column_text][vc_custom_heading text_color=&#8220;color-xsdn&#8220; heading_semantic=&#8220;h6&#8243; text_space=&#8220;fontspace-781688&#8243; sub_reduced=&#8220;yes&#8220; css_animation=&#8220;zoom-out&#8220; animation_speed=&#8220;1000&#8243; animation_delay=&#8220;200&#8243; uncode_shortcode_id=&#8220;134225&#8243; text_color_type=&#8220;uncode-palette&#8220;]<span class=\"font-205704\"><span style=\"color: #ffffff; font-weight: 800;\">Wenn dir das Angebot zusagt,<\/span> <span style=\"color: #f6b333; font-weight: 800;\"> hei\u00dfen wir dich herzlich willkommen!<\/span><\/span>[\/vc_custom_heading][vc_button button_color=&#8220;accent&#8220; radius=&#8220;btn-circle&#8220; border_animation=&#8220;btn-ripple-out&#8220; hover_fx=&#8220;full-colored&#8220; custom_typo=&#8220;yes&#8220; font_family=&#8220;font-100472&#8243; font_weight=&#8220;700&#8243; text_transform=&#8220;uppercase&#8220; letter_spacing=&#8220;fontspace-210350&#8243; border_width=&#8220;0&#8243; link=&#8220;url:https%3A%2F%2Fwww.passuellofratelli.it%2Fde%2Fkontakt%2F|title:Contatti&#8220; button_color_type=&#8220;uncode-palette&#8220; uncode_shortcode_id=&#8220;192717&#8243;]Kontaktiere uns[\/vc_button][\/vc_column][\/vc_row]<\/p>\n<\/div>","protected":false},"excerpt":{"rendered":"<p>[vc_row row_height_percent=&#8220;0&#8243; override_padding=&#8220;yes&#8220; h_padding=&#8220;2&#8243; top_padding=&#8220;3&#8243; bottom_padding=&#8220;0&#8243; back_color=&#8220;accent&#8220; overlay_alpha=&#8220;50&#8243; gutter_size=&#8220;3&#8243; column_width_percent=&#8220;100&#8243; shift_y=&#8220;0&#8243; z_index=&#8220;0&#8243; uncode_shortcode_id=&#8220;203740&#8243; back_color_type=&#8220;uncode-palette&#8220;][vc_column column_width_use_pixel=&#8220;yes&#8220; align_horizontal=&#8220;align_center&#8220; gutter_size=&#8220;3&#8243; style=&#8220;light&#8220; overlay_alpha=&#8220;50&#8243; shift_x=&#8220;0&#8243; [&hellip;]<\/p>\n","protected":false},"author":1,"featured_media":0,"parent":0,"menu_order":0,"comment_status":"closed","ping_status":"closed","template":"","meta":{"footnotes":""},"class_list":["post-90063","page","type-page","status-publish","hentry"],"yoast_head":"<!-- This site is optimized with the Yoast SEO plugin v27.5 - https:\/\/yoast.com\/product\/yoast-seo-wordpress\/ -->\n<title>Brennstoffe - Passuello Fratelli<\/title>\n<meta name=\"description\" content=\"Unsere Flotte mit erfahrenen und zuverl\u00e4ssigen Fahrern ist t\u00e4glich unterwegs, um S\u00fcdtirol.\" \/>\n<meta name=\"robots\" content=\"index, follow, max-snippet:-1, max-image-preview:large, max-video-preview:-1\" \/>\n<link rel=\"canonical\" href=\"https:\/\/www.passuellofratelli.it\/de\/brennstoffe\/\" \/>\n<meta property=\"og:locale\" content=\"de_DE\" \/>\n<meta property=\"og:type\" content=\"article\" \/>\n<meta property=\"og:title\" content=\"Brennstoffe - Passuello Fratelli Gasolio per tutti gli usi e GPL\" \/>\n<meta property=\"og:description\" content=\"Passuello Fratelli - Scopri le nostre offerte per la fornitura di gasolio e GPL con installazione anche degli impianti.\" \/>\n<meta property=\"og:url\" content=\"https:\/\/www.passuellofratelli.it\/de\/brennstoffe\/\" \/>\n<meta property=\"og:site_name\" content=\"Passuello Fratelli\" \/>\n<meta property=\"article:publisher\" content=\"https:\/\/www.facebook.com\/PassuelloFratelli\/\" \/>\n<meta property=\"article:modified_time\" content=\"2026-02-02T14:05:27+00:00\" \/>\n<meta property=\"og:image\" content=\"https:\/\/www.passuellofratelli.it\/wp-content\/uploads\/2021\/04\/frame-Passuello-Calalzo-di-notte.jpg\" \/>\n\t<meta property=\"og:image:width\" content=\"2122\" \/>\n\t<meta property=\"og:image:height\" content=\"837\" \/>\n\t<meta property=\"og:image:type\" content=\"image\/jpeg\" \/>\n<meta name=\"twitter:card\" content=\"summary_large_image\" \/>\n<meta name=\"twitter:label1\" content=\"Gesch\u00e4tzte Lesezeit\" \/>\n\t<meta name=\"twitter:data1\" content=\"3\u00a0Minuten\" \/>\n<script type=\"application\/ld+json\" class=\"yoast-schema-graph\">{\"@context\":\"https:\\\/\\\/schema.org\",\"@graph\":[{\"@type\":\"WebPage\",\"@id\":\"https:\\\/\\\/www.passuellofratelli.it\\\/de\\\/brennstoffe\\\/\",\"url\":\"https:\\\/\\\/www.passuellofratelli.it\\\/de\\\/brennstoffe\\\/\",\"name\":\"Brennstoffe - Passuello Fratelli\",\"isPartOf\":{\"@id\":\"https:\\\/\\\/www.passuellofratelli.it\\\/de\\\/#website\"},\"datePublished\":\"2021-03-30T11:57:33+00:00\",\"dateModified\":\"2026-02-02T14:05:27+00:00\",\"description\":\"Unsere Flotte mit erfahrenen und zuverl\u00e4ssigen Fahrern ist t\u00e4glich unterwegs, um S\u00fcdtirol.\",\"breadcrumb\":{\"@id\":\"https:\\\/\\\/www.passuellofratelli.it\\\/de\\\/brennstoffe\\\/#breadcrumb\"},\"inLanguage\":\"de\",\"potentialAction\":[{\"@type\":\"ReadAction\",\"target\":[\"https:\\\/\\\/www.passuellofratelli.it\\\/de\\\/brennstoffe\\\/\"]}]},{\"@type\":\"BreadcrumbList\",\"@id\":\"https:\\\/\\\/www.passuellofratelli.it\\\/de\\\/brennstoffe\\\/#breadcrumb\",\"itemListElement\":[{\"@type\":\"ListItem\",\"position\":1,\"name\":\"Home\",\"item\":\"https:\\\/\\\/www.passuellofratelli.it\\\/de\\\/\"},{\"@type\":\"ListItem\",\"position\":2,\"name\":\"Brennstoffe\"}]},{\"@type\":\"WebSite\",\"@id\":\"https:\\\/\\\/www.passuellofratelli.it\\\/de\\\/#website\",\"url\":\"https:\\\/\\\/www.passuellofratelli.it\\\/de\\\/\",\"name\":\"Passuello Fratelli\",\"description\":\"Prodotti energetici\",\"publisher\":{\"@id\":\"https:\\\/\\\/www.passuellofratelli.it\\\/de\\\/#organization\"},\"potentialAction\":[{\"@type\":\"SearchAction\",\"target\":{\"@type\":\"EntryPoint\",\"urlTemplate\":\"https:\\\/\\\/www.passuellofratelli.it\\\/de\\\/?s={search_term_string}\"},\"query-input\":{\"@type\":\"PropertyValueSpecification\",\"valueRequired\":true,\"valueName\":\"search_term_string\"}}],\"inLanguage\":\"de\"},{\"@type\":\"Organization\",\"@id\":\"https:\\\/\\\/www.passuellofratelli.it\\\/de\\\/#organization\",\"name\":\"Passuello Fratelli\",\"url\":\"https:\\\/\\\/www.passuellofratelli.it\\\/de\\\/\",\"logo\":{\"@type\":\"ImageObject\",\"inLanguage\":\"de\",\"@id\":\"https:\\\/\\\/www.passuellofratelli.it\\\/de\\\/#\\\/schema\\\/logo\\\/image\\\/\",\"url\":\"https:\\\/\\\/www.passuellofratelli.it\\\/wp-content\\\/uploads\\\/2021\\\/04\\\/logo_scuro_righe-bianche.svg\",\"contentUrl\":\"https:\\\/\\\/www.passuellofratelli.it\\\/wp-content\\\/uploads\\\/2021\\\/04\\\/logo_scuro_righe-bianche.svg\",\"width\":276,\"height\":2756,\"caption\":\"Passuello Fratelli\"},\"image\":{\"@id\":\"https:\\\/\\\/www.passuellofratelli.it\\\/de\\\/#\\\/schema\\\/logo\\\/image\\\/\"},\"sameAs\":[\"https:\\\/\\\/www.facebook.com\\\/PassuelloFratelli\\\/\",\"https:\\\/\\\/www.instagram.com\\\/passuello_fratelli\\\/\"]}]}<\/script>\n<!-- \/ Yoast SEO plugin. -->","yoast_head_json":{"title":"Brennstoffe - Passuello Fratelli","description":"Unsere Flotte mit erfahrenen und zuverl\u00e4ssigen Fahrern ist t\u00e4glich unterwegs, um S\u00fcdtirol.","robots":{"index":"index","follow":"follow","max-snippet":"max-snippet:-1","max-image-preview":"max-image-preview:large","max-video-preview":"max-video-preview:-1"},"canonical":"https:\/\/www.passuellofratelli.it\/de\/brennstoffe\/","og_locale":"de_DE","og_type":"article","og_title":"Brennstoffe - Passuello Fratelli Gasolio per tutti gli usi e GPL","og_description":"Passuello Fratelli - Scopri le nostre offerte per la fornitura di gasolio e GPL con installazione anche degli impianti.","og_url":"https:\/\/www.passuellofratelli.it\/de\/brennstoffe\/","og_site_name":"Passuello Fratelli","article_publisher":"https:\/\/www.facebook.com\/PassuelloFratelli\/","article_modified_time":"2026-02-02T14:05:27+00:00","og_image":[{"width":2122,"height":837,"url":"https:\/\/www.passuellofratelli.it\/wp-content\/uploads\/2021\/04\/frame-Passuello-Calalzo-di-notte.jpg","type":"image\/jpeg"}],"twitter_card":"summary_large_image","twitter_misc":{"Gesch\u00e4tzte Lesezeit":"3\u00a0Minuten"},"schema":{"@context":"https:\/\/schema.org","@graph":[{"@type":"WebPage","@id":"https:\/\/www.passuellofratelli.it\/de\/brennstoffe\/","url":"https:\/\/www.passuellofratelli.it\/de\/brennstoffe\/","name":"Brennstoffe - Passuello Fratelli","isPartOf":{"@id":"https:\/\/www.passuellofratelli.it\/de\/#website"},"datePublished":"2021-03-30T11:57:33+00:00","dateModified":"2026-02-02T14:05:27+00:00","description":"Unsere Flotte mit erfahrenen und zuverl\u00e4ssigen Fahrern ist t\u00e4glich unterwegs, um S\u00fcdtirol.","breadcrumb":{"@id":"https:\/\/www.passuellofratelli.it\/de\/brennstoffe\/#breadcrumb"},"inLanguage":"de","potentialAction":[{"@type":"ReadAction","target":["https:\/\/www.passuellofratelli.it\/de\/brennstoffe\/"]}]},{"@type":"BreadcrumbList","@id":"https:\/\/www.passuellofratelli.it\/de\/brennstoffe\/#breadcrumb","itemListElement":[{"@type":"ListItem","position":1,"name":"Home","item":"https:\/\/www.passuellofratelli.it\/de\/"},{"@type":"ListItem","position":2,"name":"Brennstoffe"}]},{"@type":"WebSite","@id":"https:\/\/www.passuellofratelli.it\/de\/#website","url":"https:\/\/www.passuellofratelli.it\/de\/","name":"Passuello Fratelli","description":"Prodotti energetici","publisher":{"@id":"https:\/\/www.passuellofratelli.it\/de\/#organization"},"potentialAction":[{"@type":"SearchAction","target":{"@type":"EntryPoint","urlTemplate":"https:\/\/www.passuellofratelli.it\/de\/?s={search_term_string}"},"query-input":{"@type":"PropertyValueSpecification","valueRequired":true,"valueName":"search_term_string"}}],"inLanguage":"de"},{"@type":"Organization","@id":"https:\/\/www.passuellofratelli.it\/de\/#organization","name":"Passuello Fratelli","url":"https:\/\/www.passuellofratelli.it\/de\/","logo":{"@type":"ImageObject","inLanguage":"de","@id":"https:\/\/www.passuellofratelli.it\/de\/#\/schema\/logo\/image\/","url":"https:\/\/www.passuellofratelli.it\/wp-content\/uploads\/2021\/04\/logo_scuro_righe-bianche.svg","contentUrl":"https:\/\/www.passuellofratelli.it\/wp-content\/uploads\/2021\/04\/logo_scuro_righe-bianche.svg","width":276,"height":2756,"caption":"Passuello Fratelli"},"image":{"@id":"https:\/\/www.passuellofratelli.it\/de\/#\/schema\/logo\/image\/"},"sameAs":["https:\/\/www.facebook.com\/PassuelloFratelli\/","https:\/\/www.instagram.com\/passuello_fratelli\/"]}]}},"_links":{"self":[{"href":"https:\/\/www.passuellofratelli.it\/de\/wp-json\/wp\/v2\/pages\/90063","targetHints":{"allow":["GET"]}}],"collection":[{"href":"https:\/\/www.passuellofratelli.it\/de\/wp-json\/wp\/v2\/pages"}],"about":[{"href":"https:\/\/www.passuellofratelli.it\/de\/wp-json\/wp\/v2\/types\/page"}],"author":[{"embeddable":true,"href":"https:\/\/www.passuellofratelli.it\/de\/wp-json\/wp\/v2\/users\/1"}],"replies":[{"embeddable":true,"href":"https:\/\/www.passuellofratelli.it\/de\/wp-json\/wp\/v2\/comments?post=90063"}],"version-history":[{"count":38,"href":"https:\/\/www.passuellofratelli.it\/de\/wp-json\/wp\/v2\/pages\/90063\/revisions"}],"predecessor-version":[{"id":92732,"href":"https:\/\/www.passuellofratelli.it\/de\/wp-json\/wp\/v2\/pages\/90063\/revisions\/92732"}],"wp:attachment":[{"href":"https:\/\/www.passuellofratelli.it\/de\/wp-json\/wp\/v2\/media?parent=90063"}],"curies":[{"name":"wp","href":"https:\/\/api.w.org\/{rel}","templated":true}]}}